{"id":123,"date":"2019-11-05T01:27:14","date_gmt":"2019-11-05T01:27:14","guid":{"rendered":"http:\/\/cqmf.synchronicitycommunication.com\/?page_id=123"},"modified":"2020-09-08T10:28:20","modified_gmt":"2020-09-08T15:28:20","slug":"je-mimplique","status":"publish","type":"page","link":"https:\/\/cqmfdev.cright.org\/?page_id=123","title":{"rendered":"Je m&rsquo;implique"},"content":{"rendered":"\n<h3 class=\"wp-block-heading\">Joignez votre voix \u00e0 celle de plus de 4000 m\u00e9decins de famille passionn\u00e9s et fiers de leur expertise!<\/h3>\n\n\n\n<p>Partagez vos exp\u00e9riences! Imaginez des projets en soutien \u00e0 la rel\u00e8ve! Soyez les ambassadrices et ambassadeurs de notre belle sp\u00e9cialit\u00e9!<\/p>\n\n\n\n<p>Vous faites partie de la rel\u00e8ve en m\u00e9decine de famille, devenez membre du comit\u00e9 de la rel\u00e8ve du CQMF ou encore du GIMF de votre universit\u00e9. <\/p>\n\n\n\n<div class=\"wp-block-coblocks-accordion\">\n<div class=\"wp-block-coblocks-accordion-item\"><details><summary class=\"wp-block-coblocks-accordion-item__title\"><strong>Comit\u00e9 de la rel\u00e8ve <\/strong><\/summary><div class=\"wp-block-coblocks-accordion-item__content\">\n<p>Innovant,\nle comit\u00e9 de la rel\u00e8ve du CQMF offre un soutien unique et des\nressources sur mesure d\u00e9di\u00e9s \u00e0 la rel\u00e8ve en m\u00e9decine de famille\nafin de soutenir ses m\u00e9decins \u00e0 toutes les \u00e9tapes de leur\nparcours, soit d\u00e8s l\u2019universit\u00e9, et cela, jusqu\u2019en pratique. \n<\/p>\n\n\n\n<p>Il\ncherche aussi \u00e0 faire conna\u00eetre et rayonner la m\u00e9decine de famille\n\u00e0 travers son large \u00e9ventail de pratiques tant aupr\u00e8s de la rel\u00e8ve\n\u00e9tudiante, r\u00e9sidente qu\u2019aupr\u00e8s des m\u00e9decins dans leurs\npremi\u00e8res ann\u00e9es d\u2019exercice. \n<\/p>\n\n\n\n<p> <a href=\"mailto:releve@cqmf.qc.ca\" target=\"_blank\" rel=\"noreferrer noopener\">\u00c9crivez-nous<\/a>, toutes vos contributions sont les bienvenues!<\/p>\n<\/div><\/details><\/div>\n\n\n\n<div class=\"wp-block-coblocks-accordion-item\"><details><summary class=\"wp-block-coblocks-accordion-item__title\"><strong>GIMF<\/strong><\/summary><div class=\"wp-block-coblocks-accordion-item__content\">\n<p>Les groupes d\u2019int\u00e9r\u00eat en m\u00e9decine familiale (GIMF) offrent une gamme d\u2019activit\u00e9s s\u2019adressant \u00e0 l\u2019ensemble des \u00e9tudiants en m\u00e9decine dans le but de mettre en lumi\u00e8re les possibilit\u00e9s de carri\u00e8re ainsi que les r\u00f4les et responsabilit\u00e9s des m\u00e9decins de famille. Ces regroupements d\u2019\u00e9tudiantes et d\u2019\u00e9tudiants en m\u00e9decine, passionn\u00e9s de m\u00e9decine de famille, ont \u00e9t\u00e9 cr\u00e9\u00e9s en 2003 par le Coll\u00e8ge des m\u00e9decins de famille du Canada (CMFC) avec l\u2019appui de Sant\u00e9 Canada. Ces groupes sont pr\u00e9sents dans toutes les facult\u00e9s de m\u00e9decine \u00e0 travers le Canada y compris au Qu\u00e9bec. <\/p>\n\n\n\n<p>Leur objectif est de sensibiliser les \u00e9tudiantes et \u00e9tudiants en m\u00e9decine pr\u00e9doctorale afin de : <\/p>\n\n\n\n<ul class=\"wp-block-list\"><li>\n\tFaire conna\u00eetre la sp\u00e9cialit\u00e9 de la\n\tm\u00e9decine de famille;\n\t<\/li><li>\n\tAccro\u00eetre l&rsquo;exposition \u00e0 la pratique de la\n\tm\u00e9decine de famille;\n\t<\/li><li>\n\tPromouvoir le choix de la m\u00e9decine de famille\n\tcomme formation postdoctorale.\n<\/li><\/ul>\n\n\n\n<p>\nPour avoir un aper\u00e7u des activit\u00e9s offertes\npar les diff\u00e9rents GIMF, rendez-vous sur leur page Facebook :<\/p>\n\n\n\n<ul class=\"wp-block-list\"><li>\n\tSymposium \u00e9tudiant sur la m\u00e9decine\n\tfamiliale;\n\t<\/li><li>\n\tMidi-conf\u00e9rence;\n\t<\/li><li>\n\tSouper-causerie;\n\t<\/li><li>\n\tAteliers sur les habilet\u00e9s cliniques; \n\t\n\t<\/li><li>\n\t\u00c9v\u00e9nements de parrainage et mentorat;\n\t<\/li><li>\n\tStages en milieu de pratique;\n\t<\/li><li>\n\tPublication de la revue Web <em>Premi\u00e8re\n\tligne,<\/em> 4 fois par ann\u00e9e;\n\t<\/li><li>\n\tInitiatives sur la valorisation de la m\u00e9decine\n\tde famille.\n<\/li><\/ul>\n\n\n\n<p> Une fois par ann\u00e9e, le comit\u00e9 de la rel\u00e8ve du CQMF coordonne la rencontre interuniversitaire des copr\u00e9sidents des GIMF. <\/p>\n<\/div><\/details><\/div>\n\n\n\n<div class=\"wp-block-coblocks-accordion-item\"><details><summary class=\"wp-block-coblocks-accordion-item__title\"><strong>Premi\u00e8re ligne : revue Web de GIMF<\/strong><\/summary><div class=\"wp-block-coblocks-accordion-item__content\">\n<p><em><a href=\"http:\/\/www.premiereligne.org\/\" target=\"_blank\" rel=\"noreferrer noopener\">Premi\u00e8re ligne<\/a><\/em> est une revue Web enti\u00e8rement r\u00e9dig\u00e9e par et pour les \u00e9tudiantes et \u00e9tudiants en m\u00e9decine. Elle permet de d\u00e9couvrir la m\u00e9decine de famille sous le regard d\u2019une rel\u00e8ve ambitieuse. Elle est une courroie de transmission d\u2019 id\u00e9es destin\u00e9es aux futurs m\u00e9decins. <\/p>\n<\/div><\/details><\/div>\n\n\n\n<div class=\"wp-block-coblocks-accordion-item\"><details><summary class=\"wp-block-coblocks-accordion-item__title\"><strong>Communiquer avec les GIMF et s\u2019impliquer <\/strong> <\/summary><div class=\"wp-block-coblocks-accordion-item__content\">\n<p>Vous voulez faire partie de la rel\u00e8ve \u00e9tudiante engag\u00e9e, n\u2019h\u00e9sitez pas \u00e0 exprimer votre int\u00e9r\u00eat \u00e0 vous impliquer au sein de votre GIMF.<\/p>\n\n\n\n<p>Vous \u00eates \u00e9galement invit\u00e9-e \u00e0 r\u00e9diger des textes pour publication dans la revue <em>Premi\u00e8re ligne!<\/em>   <\/p>\n\n\n\n<p> Universit\u00e9 Laval :&nbsp;<a href=\"mailto:gimf@fmed.ulaval.ca\" target=\"_blank\" rel=\"noreferrer noopener\">gimf@fmed.ulaval.ca<\/a><br> Universit\u00e9 de Montr\u00e9al :&nbsp;<a href=\"mailto:gimf.udem@gmail.com\" target=\"_blank\" rel=\"noreferrer noopener\">gimf.udem@gmail.com<\/a><br> Universit\u00e9 McGill :&nbsp;<a href=\"mailto:mcgill.famsig@gmail.com\" target=\"_blank\" rel=\"noreferrer noopener\">mcgill.famsig@gmail.com<\/a><br> Universit\u00e9 de Sherbrooke :&nbsp;via le groupe<a href=\"https:\/\/www.facebook.com\/GIMFUdeS\/\" target=\"_blank\" rel=\"noreferrer noopener\"> <em>Facebook<\/em><\/a><\/p>\n<\/div><\/details><\/div>\n\n\n\n<div class=\"wp-block-coblocks-accordion-item\"><details><summary class=\"wp-block-coblocks-accordion-item__title\"><strong>Symposium \u00e9tudiant sur la m\u00e9decine familiale <\/strong> <\/summary><div class=\"wp-block-coblocks-accordion-item__content\">\n<p>Le Symposium \u00e9tudiant sur la m\u00e9decine familiale est le rendez-vous annuel des \u00e9tudiantes et \u00e9tudiants int\u00e9ress\u00e9s par la m\u00e9decine de famille.<\/p>\n\n\n\n<p>Le\nCQMF y tient un kiosque o\u00f9 l\u2019on vous raconte notre mission, unique\nau Qu\u00e9bec. On vous parle aussi de la pratique en m\u00e9decine de\nfamille et d\u2019innovations. Venez nous rencontrer!  \n<\/p>\n\n\n\n<p>L&rsquo;Universit\u00e9 de Montr\u00e9al sera l\u2019h\u00f4te de la 12<sup>e<\/sup> \u00e9dition du Symposium. L\u2019\u00e9v\u00e9nement est l\u2019occasion de se rassembler pour une journ\u00e9e d\u2019ateliers pratiques, de conf\u00e9rences et de panels de discussion afin d\u2019apprendre ou parfaire des habilet\u00e9s techniques tout en d\u00e9couvrant le large \u00e9ventail de pratiques qu\u2019offre la m\u00e9decine de famille.<\/p>\n\n\n\n<p>Depuis sa premi\u00e8re \u00e9dition, en 2009, \u00e0 l\u2019Universit\u00e9 Laval, chacun des GIMF des quatre facult\u00e9s de m\u00e9decine du Qu\u00e9bec est responsable d\u2019organiser, \u00e0 tour de r\u00f4le, cet \u00e9v\u00e9nement o\u00f9 l\u2019on souligne l\u2019importance de la sp\u00e9cialit\u00e9 qu\u2019est la m\u00e9decine de famille.   <\/p>\n<\/div><\/details><\/div>\n<\/div>\n\n\n\n<div class=\"wp-block-coblocks-accordion\">\n<div class=\"wp-block-coblocks-accordion-item\"><\/div>\n<\/div>\n\n\n\n<div class=\"wp-block-coblocks-accordion\">\n<div class=\"wp-block-coblocks-accordion-item\"><\/div>\n<\/div>\n\n\n\n<div class=\"wp-block-coblocks-accordion\">\n<div class=\"wp-block-coblocks-accordion-item\"><\/div>\n<\/div>\n","protected":false},"excerpt":{"rendered":"<p>Joignez votre voix \u00e0 celle de plus de 4000 m\u00e9decins de famille passionn\u00e9s et fiers de leur expertise! Partagez vos exp\u00e9riences! Imaginez des projets en soutien \u00e0 la rel\u00e8ve! Soyez les ambassadrices et ambassadeurs de notre belle sp\u00e9cialit\u00e9! Vous faites [&hellip;]<\/p>\n","protected":false},"author":1,"featured_media":0,"parent":41,"menu_order":0,"comment_status":"closed","ping_status":"closed","template":"","meta":{"_acf_changed":false,"_coblocks_attr":"","_coblocks_dimensions":"","_coblocks_responsive_height":"","_coblocks_accordion_ie_support":"'true'","footnotes":""},"class_list":["post-123","page","type-page","status-publish","hentry"],"acf":[],"_links":{"self":[{"href":"https:\/\/cqmfdev.cright.org\/index.php?rest_route=\/wp\/v2\/pages\/123","targetHints":{"allow":["GET"]}}],"collection":[{"href":"https:\/\/cqmfdev.cright.org\/index.php?rest_route=\/wp\/v2\/pages"}],"about":[{"href":"https:\/\/cqmfdev.cright.org\/index.php?rest_route=\/wp\/v2\/types\/page"}],"author":[{"embeddable":true,"href":"https:\/\/cqmfdev.cright.org\/index.php?rest_route=\/wp\/v2\/users\/1"}],"replies":[{"embeddable":true,"href":"https:\/\/cqmfdev.cright.org\/index.php?rest_route=%2Fwp%2Fv2%2Fcomments&post=123"}],"version-history":[{"count":20,"href":"https:\/\/cqmfdev.cright.org\/index.php?rest_route=\/wp\/v2\/pages\/123\/revisions"}],"predecessor-version":[{"id":1624,"href":"https:\/\/cqmfdev.cright.org\/index.php?rest_route=\/wp\/v2\/pages\/123\/revisions\/1624"}],"up":[{"embeddable":true,"href":"https:\/\/cqmfdev.cright.org\/index.php?rest_route=\/wp\/v2\/pages\/41"}],"wp:attachment":[{"href":"https:\/\/cqmfdev.cright.org\/index.php?rest_route=%2Fwp%2Fv2%2Fmedia&parent=123"}],"curies":[{"name":"wp","href":"https:\/\/api.w.org\/{rel}","templated":true}]}}