{"id":143,"date":"2019-11-09T03:23:34","date_gmt":"2019-11-09T03:23:34","guid":{"rendered":"http:\/\/cqmf.synchronicitycommunication.com\/?page_id=143"},"modified":"2021-07-12T13:25:36","modified_gmt":"2021-07-12T18:25:36","slug":"ressources","status":"publish","type":"page","link":"https:\/\/cqmfdev.cright.org\/?page_id=143","title":{"rendered":"Ressources"},"content":{"rendered":"\n<div class=\"wp-block-coblocks-accordion\">\n<div class=\"wp-block-coblocks-accordion-item\"><details><summary class=\"wp-block-coblocks-accordion-item__title\"><strong> Autoapprentissage<sup>MC<\/sup> <\/strong><\/summary><div class=\"wp-block-coblocks-accordion-item__content\">\n<p>Le programme&nbsp;<em><a href=\"https:\/\/www.cfpc.ca\/fr\/education-et-developpement-professionnel\/le-dpc-au-cmfc\/programme-autoapprentissage-mc\" target=\"_blank\" rel=\"noreferrer noopener\">Autoapprentissage<\/a><\/em><sup><em><a href=\"https:\/\/www.cfpc.ca\/AutoapprentissageMD\/\">MC<\/a><\/em><\/sup> est cr\u00e9\u00e9 par des m\u00e9decins de famille pour des m\u00e9decins de famille. Il permet de rester \u00e0 jour en vous donnant acc\u00e8s aux renseignements les plus r\u00e9cents publi\u00e9s par plus de 100 revues m\u00e9dicales r\u00e9vis\u00e9es par des pairs \u00e0 l\u2019\u00e9chelle internationale.<\/p>\n\n\n\n<p>*Astuce\nde r\u00e9sidents! Cet outil peut vous \u00eatre utile dans votre pr\u00e9paration\n\u00e0 l\u2019examen du Coll\u00e8ge des m\u00e9decins de famille du Canada (CMFC),\nla version en ligne est gratuite pour vous.<\/p>\n<\/div><\/details><\/div>\n\n\n\n<div class=\"wp-block-coblocks-accordion-item\"><details><summary class=\"wp-block-coblocks-accordion-item__title\"><strong>  Biblioth\u00e8que <\/strong><\/summary><div class=\"wp-block-coblocks-accordion-item__content\">\n<p>La <em><a href=\"https:\/\/www.cfpc.ca\/fr\/services-aux-membres\/bibliotheque\" target=\"_blank\" rel=\"noreferrer noopener\">Biblioth\u00e8que du CMFC<\/a><\/em> g\u00e9n\u00e8re une bibliographie exhaustive sur des th\u00e8mes et sujets de recherche, pr\u00e9cis ou larges. Un formulaire permet d\u2019\u00e9tablir les param\u00e8tres souhait\u00e9s de la recherche. Une biblioth\u00e9caire, joignable par t\u00e9l\u00e9phone ou par courriel, vous retourne ensuite les r\u00e9sultats et les guides de pratique clinique de r\u00e9f\u00e9rence.  <\/p>\n\n\n\n<p>*Fait\nint\u00e9ressant!&nbsp;Il s\u2019agit de la plus grande biblioth\u00e8que\nd\u2019ouvrages et de r\u00e9f\u00e9rences sur la m\u00e9decine de famille au\nCanada!<\/p>\n\n\n\n<p><\/p>\n<\/div><\/details><\/div>\n\n\n\n<div class=\"wp-block-coblocks-accordion-item\"><details><summary class=\"wp-block-coblocks-accordion-item__title\"><strong>Guides pour l\u2019am\u00e9lioration de la formation en m\u00e9decine de famille<\/strong><\/summary><div class=\"wp-block-coblocks-accordion-item__content\">\n<p>Chaque ann\u00e9e, le Conseil de la Section des r\u00e9sidents (SdR) du Coll\u00e8ge des m\u00e9decins de famille du Canada (CMFC) \u00e9labore un Guide pour l\u2019am\u00e9lioration de la formation en m\u00e9decine de famille (GIFT) sur un sujet d&rsquo;int\u00e9r\u00eat. <\/p>\n\n\n\n<p>Les avis des directrices et directeurs de programmes de r\u00e9sidence, des principaux comit\u00e9s universitaires du CMFC et des r\u00e9sidentes et r\u00e9sidents en m\u00e9decine de famille, \u00e0 travers le pays, sont sollicit\u00e9s pour la r\u00e9daction de ce document.<\/p>\n\n\n\n<p>Vous trouverez les <a rel=\"noreferrer noopener\" href=\"https:\/\/www.cfpc.ca\/fr\/education-professional-development\/educational-frameworks-and-reference-guides\/guides-for-improvement-of-family-medicine-training\" target=\"_blank\">guides des derni\u00e8res ann\u00e9es ici<\/a>.<\/p>\n<\/div><\/details><\/div>\n\n\n\n<div class=\"wp-block-coblocks-accordion-item\"><details><summary class=\"wp-block-coblocks-accordion-item__title\"><strong>  M\u00e9decin de famille canadien <\/strong><\/summary><div class=\"wp-block-coblocks-accordion-item__content\">\n<p>Le&nbsp;<em><a href=\"https:\/\/www.cfp.ca\/\" target=\"_blank\" rel=\"noreferrer noopener\">M\u00e9decin de famille canadien<\/a><\/em> est la publication officielle du CMFC. Tous les membres la re\u00e7oivent gratuitement. Revue m\u00e9dicale \u00e9valu\u00e9e par des pairs, elle informe sur des questions d\u2019actualit\u00e9 et sur les courants de pens\u00e9e les plus r\u00e9cents en m\u00e9decine de famille.  <\/p>\n<\/div><\/details><\/div>\n\n\n\n<div class=\"wp-block-coblocks-accordion-item\"><details><summary class=\"wp-block-coblocks-accordion-item__title\"><strong>  Pratiquer en r\u00e9gion <\/strong><\/summary><div class=\"wp-block-coblocks-accordion-item__content\">\n<h4 class=\"wp-block-heading\">SARROS<\/h4>\n\n\n\n<p><br> Le Soutien aux r\u00e9gions pour le recrutement d\u2019omnipraticiens et de sp\u00e9cialistes (<a href=\"https:\/\/www.equipesarros.ca\/\" target=\"_blank\" rel=\"noreferrer noopener\"><em>l\u2019\u00e9quipe<\/em> <em>SARROS<\/em><\/a>) renseigne les \u00e9tudiants et externes en m\u00e9decine, les r\u00e9sidents et les m\u00e9decins en exercice sur la pratique m\u00e9dicale en r\u00e9gion.<\/p>\n\n\n\n<h4 class=\"wp-block-heading\">Bourses pour pratiquer en r\u00e9gion<\/h4>\n\n\n\n<p><br>Si vous \u00e9tudiez en m\u00e9decine ou \u00eates en r\u00e9sidence et que vous avez un int\u00e9r\u00eat pour la pratique m\u00e9dicale en r\u00e9gion, le minist\u00e8re de la Sant\u00e9 et des Services sociaux (MSSS) a un programme qui offre annuellement des bourses d\u2019\u00e9tudes aux \u00e9tudiants et aux r\u00e9sidents en m\u00e9decine. Consultez&nbsp;<em><a rel=\"noreferrer noopener\" href=\"http:\/\/www.msss.gouv.qc.ca\/professionnels\/medecine-au-quebec\/etudiants-externes-residents\/bourses-medecine-famille-specialite\/\" target=\"_blank\">le site du MSSS<\/a><\/em> pour en savoir plus.<\/p>\n<\/div><\/details><\/div>\n\n\n\n<div class=\"wp-block-coblocks-accordion-item\"><details><summary class=\"wp-block-coblocks-accordion-item__title\"><strong> Organisations et f\u00e9d\u00e9rations m\u00e9dicales au Qu\u00e9bec <\/strong><\/summary><div class=\"wp-block-coblocks-accordion-item__content\">\n<div class=\"wp-block-image\"><figure class=\"aligncenter size-large\"><img loading=\"lazy\" decoding=\"async\" width=\"288\" height=\"77\" src=\"http:\/\/cqmf.qc.ca\/wp-content\/uploads\/2020\/05\/CQMF.jpg\" alt=\"\" class=\"wp-image-1090\"\/><\/figure><\/div>\n\n\n\n<p>\n<br>\nLe CQMF, section qu\u00e9b\u00e9coise du Coll\u00e8ge des m\u00e9decins\nde famille du Canada (CMFC), a pour mission d\u2019inspirer et soutenir\nles m\u00e9decins de famille et leurs partenaires dans l\u2019adoption de\nmeilleures pratiques au b\u00e9n\u00e9fice de la sant\u00e9 de la population.\nL\u2019organisme central, le CMFC, agr\u00e9mente les programmes de\nr\u00e9sidence en m\u00e9decine de famille \u00e0 travers le Canada et est\nresponsable de faire passer l\u2019examen de certification en m\u00e9decine\nde famille.<\/p>\n\n\n\n<div class=\"wp-block-image\"><figure class=\"aligncenter size-large\"><img loading=\"lazy\" decoding=\"async\" width=\"174\" height=\"90\" src=\"http:\/\/cqmf.qc.ca\/wp-content\/uploads\/2020\/05\/CMQ.png\" alt=\"\" class=\"wp-image-1092\"\/><\/figure><\/div>\n\n\n\n<p><br> Le CMQ est l\u2019ordre professionnel de tous les m\u00e9decins qu\u00e9b\u00e9cois. Il d\u00e9livre les <em><a href=\"http:\/\/www.cmq.org\/page\/fr\/accueil-permis-exercice.aspx\" target=\"_blank\" rel=\"noreferrer noopener\">permis d\u2019exercice de la m\u00e9decine<\/a><\/em>. Tout individu souhaitant pratiquer la m\u00e9decine au Qu\u00e9bec doit obligatoirement d\u00e9tenir un num\u00e9ro de permis et \u00eatre inscrit au tableau de l\u2019ordre. <\/p>\n\n\n\n<div class=\"wp-block-image\"><figure class=\"aligncenter size-large\"><img loading=\"lazy\" decoding=\"async\" width=\"301\" height=\"97\" src=\"http:\/\/cqmf.qc.ca\/wp-content\/uploads\/2020\/05\/FMOQ.png\" alt=\"\" class=\"wp-image-1094\"\/><\/figure><\/div>\n\n\n\n<p>La<a href=\"https:\/\/www.fmoq.org\/\"> <\/a><em><a href=\"https:\/\/www.fmoq.org\/\" target=\"_blank\" rel=\"noreferrer noopener\">FMOQ<\/a><\/em> est le syndicat repr\u00e9sentant l\u2019ensemble des m\u00e9decins de famille du Qu\u00e9bec. Elle veille aux int\u00e9r\u00eats professionnels et scientifiques de ses membres et n\u00e9gocie aupr\u00e8s du gouvernement leurs conditions d\u2019exercice.<\/p>\n\n\n\n<div class=\"wp-block-image\"><figure class=\"aligncenter size-large\"><img loading=\"lazy\" decoding=\"async\" width=\"195\" height=\"100\" src=\"http:\/\/cqmf.qc.ca\/wp-content\/uploads\/2020\/05\/RAMQ.gif\" alt=\"\" class=\"wp-image-1095\"\/><\/figure><\/div>\n\n\n\n<p><br> La<em> <a href=\"http:\/\/www.ramq.gouv.qc.ca\/fr\/Pages\/accueil.aspx\" target=\"_blank\" rel=\"noreferrer noopener\">RAMQ<\/a><\/em>&nbsp;rel\u00e8ve de la ministre de la Sant\u00e9 et des Services sociaux. La R\u00e9gie \u00ab&nbsp;informe la population, g\u00e8re l\u2019admissibilit\u00e9 des personnes, r\u00e9mun\u00e8re les professionnels de la sant\u00e9 et assure une circulation s\u00e9curitaire de l\u2019information&nbsp;\u00bb.<\/p>\n\n\n\n<div class=\"wp-block-image\"><figure class=\"aligncenter size-large is-resized\"><img loading=\"lazy\" decoding=\"async\" src=\"http:\/\/cqmf.qc.ca\/wp-content\/uploads\/2020\/05\/FMEQ.png\" alt=\"\" class=\"wp-image-1093\" width=\"231\" height=\"118\"\/><\/figure><\/div>\n\n\n\n<p>La <em><a rel=\"noreferrer noopener\" href=\"http:\/\/www.fmeq.ca\/\" target=\"_blank\">FMEQ<\/a><\/em> a comme mission premi\u00e8re de promouvoir et d\u00e9fendre les int\u00e9r\u00eats des \u00e9tudiantes et \u00e9tudiants des quatre (4) facult\u00e9s de m\u00e9decine du Qu\u00e9bec en mati\u00e8re p\u00e9dagogique, politique et sociale. La <em>FMEQ<\/em> a aussi comme mission de fournir des services aux membres associatifs et individuels ainsi que favoriser la communication et la collaboration entre les associations membres.<\/p>\n\n\n\n<div class=\"wp-block-image\"><figure class=\"aligncenter size-large is-resized\"><img loading=\"lazy\" decoding=\"async\" src=\"http:\/\/cqmf.qc.ca\/wp-content\/uploads\/2020\/05\/FMRQ.png\" alt=\"\" class=\"wp-image-1091\" width=\"295\" height=\"63\" srcset=\"https:\/\/cqmfdev.cright.org\/wp-content\/uploads\/2020\/05\/FMRQ.png 485w, https:\/\/cqmfdev.cright.org\/wp-content\/uploads\/2020\/05\/FMRQ-300x64.png 300w\" sizes=\"auto, (max-width: 295px) 100vw, 295px\" \/><\/figure><\/div>\n\n\n\n<p>La <em><a href=\"http:\/\/www.fmrq.qc.ca\/\" target=\"_blank\" rel=\"noreferrer noopener\">FMRQ<\/a><\/em><strong> <\/strong>est un syndicat professionnel qui regroupe les associations de m\u00e9decins r\u00e9sidents des quatre (4) facult\u00e9s de m\u00e9decine du Qu\u00e9bec dans le but de d\u00e9fendre et assurer le d\u00e9veloppement des int\u00e9r\u00eats \u00e9conomiques, sociaux, moraux, acad\u00e9miques et professionnels de ces associations et leurs membres.<\/p>\n<\/div><\/details><\/div>\n\n\n\n<div class=\"wp-block-coblocks-accordion-item\"><details><summary class=\"wp-block-coblocks-accordion-item__title\"><strong> Site Web\u00a0: Cinq premi\u00e8res ann\u00e9es de pratique du CMFC <\/strong><\/summary><div class=\"wp-block-coblocks-accordion-item__content\">\n<p>Un <em><a href=\"https:\/\/firstfiveyears.ca\/fr\/quebec-fr\/\" target=\"_blank\" rel=\"noreferrer noopener\">site d\u00e9di\u00e9 aux m\u00e9decins dans leurs cinq premi\u00e8res ann\u00e9es<\/a><\/em> a \u00e9t\u00e9 cr\u00e9\u00e9 par le comit\u00e9 du m\u00eame nom au CMFC dans le but de soutenir la transition vers la pratique. On y retrouve de l\u2019information et des ressources pour les membres du CMFC\/CQMF en d\u00e9but de carri\u00e8re.<\/p>\n<\/div><\/details><\/div>\n<\/div>\n","protected":false},"excerpt":{"rendered":"","protected":false},"author":1,"featured_media":0,"parent":41,"menu_order":0,"comment_status":"closed","ping_status":"closed","template":"","meta":{"_acf_changed":false,"_coblocks_attr":"","_coblocks_dimensions":"","_coblocks_responsive_height":"","_coblocks_accordion_ie_support":"","footnotes":""},"class_list":["post-143","page","type-page","status-publish","hentry"],"acf":[],"_links":{"self":[{"href":"https:\/\/cqmfdev.cright.org\/index.php?rest_route=\/wp\/v2\/pages\/143","targetHints":{"allow":["GET"]}}],"collection":[{"href":"https:\/\/cqmfdev.cright.org\/index.php?rest_route=\/wp\/v2\/pages"}],"about":[{"href":"https:\/\/cqmfdev.cright.org\/index.php?rest_route=\/wp\/v2\/types\/page"}],"author":[{"embeddable":true,"href":"https:\/\/cqmfdev.cright.org\/index.php?rest_route=\/wp\/v2\/users\/1"}],"replies":[{"embeddable":true,"href":"https:\/\/cqmfdev.cright.org\/index.php?rest_route=%2Fwp%2Fv2%2Fcomments&post=143"}],"version-history":[{"count":19,"href":"https:\/\/cqmfdev.cright.org\/index.php?rest_route=\/wp\/v2\/pages\/143\/revisions"}],"predecessor-version":[{"id":3393,"href":"https:\/\/cqmfdev.cright.org\/index.php?rest_route=\/wp\/v2\/pages\/143\/revisions\/3393"}],"up":[{"embeddable":true,"href":"https:\/\/cqmfdev.cright.org\/index.php?rest_route=\/wp\/v2\/pages\/41"}],"wp:attachment":[{"href":"https:\/\/cqmfdev.cright.org\/index.php?rest_route=%2Fwp%2Fv2%2Fmedia&parent=143"}],"curies":[{"name":"wp","href":"https:\/\/api.w.org\/{rel}","templated":true}]}}