{"id":146,"date":"2019-11-09T03:26:32","date_gmt":"2019-11-09T03:26:32","guid":{"rendered":"http:\/\/cqmf.synchronicitycommunication.com\/?page_id=146"},"modified":"2025-07-10T13:51:35","modified_gmt":"2025-07-10T18:51:35","slug":"reussir-sa-residence","status":"publish","type":"page","link":"https:\/\/cqmfdev.cright.org\/?page_id=146","title":{"rendered":"R\u00e9ussir sa r\u00e9sidence"},"content":{"rendered":"\n<p>Deux ann\u00e9es pour\ntout apprendre afin de voler de ses propres ailes\u2026<\/p>\n\n\n\n<p>\u00catre r\u00e9sidente,\nr\u00e9sident, c\u2019est assumer les r\u00f4les d\u2019apprenant, d\u2019enseignant\net de m\u00e9decin traitant. \n<\/p>\n\n\n\n<p>Comment s\u2019adapter\n\u00e0 tout cela sans perdre le nord? Comment demeurer soi-m\u00eame sous ce\ntriple chapeau? Comment rester en \u00e9quilibre? Bref, comment survivre\n\u00e0 la r\u00e9sidence?<\/p>\n\n\n\n<div class=\"wp-block-coblocks-accordion\">\n<div class=\"wp-block-coblocks-accordion-item\"><details><summary class=\"wp-block-coblocks-accordion-item__title\"><strong>Moonlighting  <\/strong><\/summary><div class=\"wp-block-coblocks-accordion-item__content\">\n<p>Une r\u00e9sidente ou un r\u00e9sident en m\u00e9decine de famille qui souhaite exercer la m\u00e9decine en<a href=\"http:\/\/www.msss.gouv.qc.ca\/professionnels\/medecine-au-quebec\/prem\/moonlighting\/\"> \u00ab <\/a><em><a href=\"https:\/\/www.msss.gouv.qc.ca\/professionnels\/medecine-au-quebec\/prem\/moonlighting\/\" target=\"_blank\" rel=\"noreferrer noopener\">moonlighting<\/a><\/em><a href=\"http:\/\/www.msss.gouv.qc.ca\/professionnels\/medecine-au-quebec\/prem\/moonlighting\/\"> \u00bb <\/a>durant sa r\u00e9sidence est soumis \u00e0 l\u2019Entente particuli\u00e8re relative au respect des plans r\u00e9gionaux d\u2019effectifs m\u00e9dicaux (PREM). Il est possible d\u2019exercer \u00e0 <em>certaines conditions. <\/em> <\/p>\n<\/div><\/details><\/div>\n\n\n\n<div class=\"wp-block-coblocks-accordion-item\"><details><summary class=\"wp-block-coblocks-accordion-item__title\"><strong>Astuces de nos r\u00e9sidentes et r\u00e9sidents <\/strong><\/summary><div class=\"wp-block-coblocks-accordion-item__content\">\n<ol class=\"wp-block-list\">\n<li><strong>Dormez<\/strong><br><br>Le manque de sommeil nous guette tous. Vous serez plus performante et performant au travail et appendrez plus facilement si vous dormez suffisamment.<br><\/li>\n\n\n\n<li><strong>Relaxez<\/strong><br><br>L\u2019anxi\u00e9t\u00e9 de performance peut \u00eatre forte. Vous n\u2019avez rien \u00e0 prouver, vous \u00eates en r\u00e9sidence pour apprendre. Permettez vous de vous tromper et de faire mieux la prochaine fois. Si vous faites un bon coup, prenez le temps de vous f\u00e9liciter.<br><\/li>\n\n\n\n<li><strong>\u00c9tudiez peu, mais mieux<br><br><\/strong>Les examens, les projets de recherche, les patientes et les patients sont tous de bonnes raisons d\u2019\u00e9tudier et il le faut! Plut\u00f4t que d\u2019y passer plusieurs heures peu productives, n\u2019en passez qu\u2019une, mais bien employ\u00e9e.<br><\/li>\n\n\n\n<li><strong>Prenez soin de vous<\/strong><br><br>Pour \u00eatre pr\u00e9sente et pr\u00e9sent aux autres, il faut d\u2019abord l\u2019\u00eatre pour soi-m\u00eame. Accordez-vous du temps pour aller jouer dehors, aller au cin\u00e9ma et ne culpabilisez surtout pas! Vous n\u2019apprendrez que mieux apr\u00e8s.<br><\/li>\n\n\n\n<li><strong>Prenez soin des gens que vous aimez<br><br><\/strong>Il n\u2019y a pas que la m\u00e9decine dans la vie. Entretenez votre r\u00e9seau social, il vous permettra de devenir un meilleur m\u00e9decin et une personne plus \u00e9quilibr\u00e9e.<br><\/li>\n\n\n\n<li><strong>Faites du sport<br><br><\/strong>Ne faites pas que le recommander aux patients. C\u2019est bon pour vous aussi!<br><\/li>\n\n\n\n<li><strong>Participez \u00e0 des activit\u00e9s culturelles<\/strong><br><br>Vous travaillerez beaucoup, se changer les id\u00e9es sera d\u2019autant plus essentiel.<br><\/li>\n\n\n\n<li><strong>Pr\u00e9voyez vos cong\u00e9s <\/strong><br><br>N\u2019attendez pas l\u2019\u00e9tat de fatigue pour ralentir ou vous arr\u00eater. Pr\u00e9voyez vos p\u00e9riodes de cong\u00e9 et id\u00e9alement, envisagez les aux 3 mois minimum.<br><\/li>\n\n\n\n<li><strong>Ventilez<\/strong><br><br>N\u2019ayez pas peur de partager vos frustrations, de verbaliser vos difficult\u00e9s et remises en question, c\u2019est normal d\u2019en avoir.<br><\/li>\n\n\n\n<li><strong>Amusez-vous!<\/strong><\/li>\n<\/ol>\n<\/div><\/details><\/div>\n<\/div>\n\n\n\n<p>N\u2019h\u00e9sitez pas \u00e0 faire appel aux services d\u2019aide aux r\u00e9sidents de votre universit\u00e9 ou du <em><a href=\"http:\/\/www.pamq.org\/fr\/\" target=\"_blank\" rel=\"noreferrer noopener\">Programme d\u2019aide aux m\u00e9decins du Qu\u00e9bec (PAMQ)<\/a><\/em>. M\u00eame la consultation la plus anodine est pertinente, b\u00e9n\u00e9fique, et peut faire toute la diff\u00e9rence; fatigue intense, tristesse, sentiment d\u2019impuissance, besoin de parler, de vous confier ou de demander de l\u2019aide. N\u2019attendez pas d\u2019\u00eatre au bout du rouleau. Vous n\u2019\u00eates pas seul-e \u00e0 vivre des moments difficiles.<\/p>\n\n\n\n<p><\/p>\n","protected":false},"excerpt":{"rendered":"<p>Deux ann\u00e9es pour tout apprendre afin de voler de ses propres ailes\u2026 \u00catre r\u00e9sidente, r\u00e9sident, c\u2019est assumer les r\u00f4les d\u2019apprenant, d\u2019enseignant et de m\u00e9decin traitant. Comment s\u2019adapter \u00e0 tout cela sans perdre le nord? Comment demeurer soi-m\u00eame sous ce triple [&hellip;]<\/p>\n","protected":false},"author":1,"featured_media":0,"parent":41,"menu_order":0,"comment_status":"closed","ping_status":"closed","template":"","meta":{"_acf_changed":false,"_coblocks_attr":"","_coblocks_dimensions":"","_coblocks_responsive_height":"","_coblocks_accordion_ie_support":"","footnotes":""},"class_list":["post-146","page","type-page","status-publish","hentry"],"acf":[],"_links":{"self":[{"href":"https:\/\/cqmfdev.cright.org\/index.php?rest_route=\/wp\/v2\/pages\/146","targetHints":{"allow":["GET"]}}],"collection":[{"href":"https:\/\/cqmfdev.cright.org\/index.php?rest_route=\/wp\/v2\/pages"}],"about":[{"href":"https:\/\/cqmfdev.cright.org\/index.php?rest_route=\/wp\/v2\/types\/page"}],"author":[{"embeddable":true,"href":"https:\/\/cqmfdev.cright.org\/index.php?rest_route=\/wp\/v2\/users\/1"}],"replies":[{"embeddable":true,"href":"https:\/\/cqmfdev.cright.org\/index.php?rest_route=%2Fwp%2Fv2%2Fcomments&post=146"}],"version-history":[{"count":9,"href":"https:\/\/cqmfdev.cright.org\/index.php?rest_route=\/wp\/v2\/pages\/146\/revisions"}],"predecessor-version":[{"id":8151,"href":"https:\/\/cqmfdev.cright.org\/index.php?rest_route=\/wp\/v2\/pages\/146\/revisions\/8151"}],"up":[{"embeddable":true,"href":"https:\/\/cqmfdev.cright.org\/index.php?rest_route=\/wp\/v2\/pages\/41"}],"wp:attachment":[{"href":"https:\/\/cqmfdev.cright.org\/index.php?rest_route=%2Fwp%2Fv2%2Fmedia&parent=146"}],"curies":[{"name":"wp","href":"https:\/\/api.w.org\/{rel}","templated":true}]}}