{"id":148,"date":"2019-11-09T03:27:46","date_gmt":"2019-11-09T03:27:46","guid":{"rendered":"http:\/\/cqmf.synchronicitycommunication.com\/?page_id=148"},"modified":"2025-07-10T13:41:09","modified_gmt":"2025-07-10T18:41:09","slug":"faq-gmf-u","status":"publish","type":"page","link":"https:\/\/cqmfdev.cright.org\/?page_id=148","title":{"rendered":"FAQ GMF-U"},"content":{"rendered":"\n<p>Vous postulez \u00e0 la r\u00e9sidence en m\u00e9decine de famille? Vous devez d\u00e9cider dans quel groupe de m\u00e9decine de famille &#8211; universitaire (GMF-U) vous ferez vos deux ans de formation? Il existe au Qu\u00e9bec 51 GMF-U.<\/p>\n\n\n\n<p>Bien que chaque GMF-U ait ses caract\u00e9ristiques propres, tous offrent sensiblement le m\u00eame type de stages et un fonctionnement \u00e9quivalent, car le programme de r\u00e9sidence doit remplir les objectifs \u00e9tablis par le Coll\u00e8ge des m\u00e9decins de famille du Canada (CMFC). Vous serez ainsi bien pr\u00e9par\u00e9 pour votre nouvelle profession.<\/p>\n\n\n\n<p>Voici quelques questions pour aider \u00e0 orienter votre recherche et bien choisir votre futur milieu de vie et lieu de r\u00e9sidence.<\/p>\n\n\n\n<div class=\"wp-block-coblocks-accordion\">\n<div class=\"wp-block-coblocks-accordion-item\"><details><summary class=\"wp-block-coblocks-accordion-item__title\"><strong>Comment initier la visite d\u2019un GMF-U?<\/strong><\/summary><div class=\"wp-block-coblocks-accordion-item__content\">\n<p>Afin de bien cerner votre futur GMF-U, rien de tel qu\u2019une visite en personne pour rencontrer les gens et visiter les lieux. Voici quelques pistes pour organiser vos visites&nbsp;:<\/p>\n\n\n\n<ul id=\"block-f56e1a1b-38d6-46a5-9537-5e0005fc58c7\" class=\"wp-block-list\">\n<li>Communiquer avec la r\u00e9sidente coordonnatrice ou le r\u00e9sident coordonnateur du GMF-U, dont les coordonn\u00e9es peuvent \u00eatre obtenues aupr\u00e8s des d\u00e9partements universitaires;<\/li>\n\n\n\n<li>Participer aux journ\u00e9es ou soir\u00e9es d\u2019information organis\u00e9es par les facult\u00e9s de m\u00e9decine;<\/li>\n\n\n\n<li>Contactez les directions des GMF-U concern\u00e9s.<\/li>\n\n\n\n<li>V\u00e9rifier avec les r\u00e9gions si elles organisent des visites des milieux de formation sous format de circuit.<\/li>\n<\/ul>\n<\/div><\/details><\/div>\n\n\n\n<div class=\"wp-block-coblocks-accordion-item\"><details><summary class=\"wp-block-coblocks-accordion-item__title\"><strong>O\u00f9 puis-je trouver l\u2019information sur chaque GMF-U?<\/strong><\/summary><div class=\"wp-block-coblocks-accordion-item__content\">\n<p>Les sites Web des d\u00e9partements de m\u00e9decine de famille pr\u00e9sentent une liste de leurs GMF-U affili\u00e9s (voir liens ci-dessous).<\/p>\n\n\n\n<ul class=\"wp-block-list\">\n<li><a href=\"https:\/\/medfam.umontreal.ca\/etudes\/residence-en-medecine-famille\/les-milieux-formation\/\" data-type=\"link\" data-id=\"https:\/\/medfam.umontreal.ca\/etudes\/residence-en-medecine-famille\/les-milieux-formation\/\" target=\"_blank\" rel=\"noreferrer noopener\">Universit\u00e9 de Montr\u00e9al<\/a>&nbsp;<\/li>\n\n\n\n<li><a href=\"https:\/\/www.usherbrooke.ca\/dep-medecine-famille\/departement\/gmf-u?ADMCMD_prev=IGNORE\" data-type=\"link\" data-id=\"https:\/\/www.usherbrooke.ca\/dep-medecine-famille\/departement\/gmf-u?ADMCMD_prev=IGNORE\" target=\"_blank\" rel=\"noreferrer noopener\">Universit\u00e9&nbsp;de Sherbrooke<\/a>&nbsp;<\/li>\n\n\n\n<li><a rel=\"noreferrer noopener\" href=\"https:\/\/www.mcgill.ca\/familymed\/fr\/sites-denseignement\/umf\" target=\"_blank\">Universit\u00e9&nbsp;McGill<\/a>&nbsp;<\/li>\n\n\n\n<li><a rel=\"noreferrer noopener\" href=\"https:\/\/www.fmed.ulaval.ca\/index.php?id=1479&amp;L=1\" target=\"_blank\">Universit\u00e9&nbsp;Laval<\/a>&nbsp;<\/li>\n<\/ul>\n\n\n\n<p><\/p>\n<\/div><\/details><\/div>\n\n\n\n<div class=\"wp-block-coblocks-accordion-item\"><details><summary class=\"wp-block-coblocks-accordion-item__title\"><strong>Quels \u00e9l\u00e9ments du cursus acad\u00e9mique\u00a0sont importants pour moi?<\/strong>\u00a0<\/summary><div class=\"wp-block-coblocks-accordion-item__content\">\n<p><strong>Cursus en blocs ou longitudinal&nbsp;<\/strong><\/p>\n\n\n\n<p>Le cursus acad\u00e9mique en blocs permet de se concentrer sur un sujet \u00e0 la fois. Similaire \u00e0 la structure de l\u2019externat, le cursus en blocs offre par exemple, en alternance, un mois\u00a0d\u2019hospitalisation, un mois d\u2019obst\u00e9trique, un mois de bureau, etc. Pour maintenir les suivis des patientes et patients, et des apprentissages, ce cursus alloue g\u00e9n\u00e9ralement du temps pour le bureau et les activit\u00e9s acad\u00e9miques toutes les semaines. Un cursus longitudinal permet d\u2019en apprendre sur plusieurs sujets et d\u2019y revenir p\u00e9riodiquement tout le long de la r\u00e9sidence. Un parcours longitudinal permet aussi une continuit\u00e9 de soins avec les patientes et les patients vus en bureau.\u00a0\u00a0<\/p>\n\n\n\n<p><strong>Langue d\u2019enseignement&nbsp;<\/strong><\/p>\n\n\n\n<p>La langue d\u2019enseignement et pour la r\u00e9daction des notes, en clinique et \u00e0 l\u2019h\u00f4pital, peut \u00eatre un facteur d\u00e9terminant. Choisissez la langue avec laquelle vous \u00eates le plus \u00e0 l\u2019aise. Cependant, certains y voient une occasion d\u2019am\u00e9liorer leurs habilet\u00e9s en fran\u00e7ais ou en anglais.&nbsp;<\/p>\n\n\n\n<p><strong>Stages \u00e0 option&nbsp;<\/strong><\/p>\n\n\n\n<p>Le nombre&nbsp;de choix&nbsp;de stages \u00e0 option peut&nbsp;varier&nbsp;d\u2019une universit\u00e9 \u00e0 l\u2019autre.&nbsp;C\u2019est un \u00e9l\u00e9ment \u00e0 consid\u00e9rer&nbsp;si vous souhaitez d\u00e9velopper&nbsp;une expertise particuli\u00e8re&nbsp;tel que&nbsp;parfaire une habilet\u00e9, approfondir un int\u00e9r\u00eat, visiter un futur milieu de travail ou simplement vivre une exp\u00e9rience enrichissante.&nbsp;Il est possible de&nbsp;faire des stages \u00e0 option \u00e0 l\u2019ext\u00e9rieur de la province du Qu\u00e9bec ou dans un milieu hors&nbsp;facult\u00e9. Le soutien&nbsp;pour vos d\u00e9marches variera&nbsp;selon le&nbsp;milieu&nbsp;cibl\u00e9.&nbsp;&nbsp;<\/p>\n\n\n\n<p><strong>Stages en milieu rural&nbsp;<\/strong><\/p>\n\n\n\n<p>Le nombre de mois&nbsp;de&nbsp;stages&nbsp;en milieu&nbsp;rural&nbsp;varie d\u2019une universit\u00e9 \u00e0 l\u2019autre.&nbsp;Si notre r\u00e9sidence&nbsp;a lieu&nbsp;dans un milieu urbain ou semi-urbain, les universit\u00e9s proposent g\u00e9n\u00e9ralement des stages de 2 \u00e0 3 mois en&nbsp;r\u00e9gion.&nbsp;Pour les GMF-U en milieu \u00e9loign\u00e9, certaines universit\u00e9s proposent de r\u00e9aliser plusieurs mois cons\u00e9cutifs en milieu urbain.&nbsp;<\/p>\n<\/div><\/details><\/div>\n\n\n\n<div class=\"wp-block-coblocks-accordion-item\"><details><summary class=\"wp-block-coblocks-accordion-item__title\"><strong>Dans quel type de milieu ai-je envie de vivre et travailler?\u00a0<\/strong><\/summary><div class=\"wp-block-coblocks-accordion-item__content\">\n<p>Ville, banlieue ou r\u00e9gion? C\u2019est la premi\u00e8re question \u00e0 se poser. Ceci vous aidera \u00e0 cibler vos recherches, en fonction du milieu de vie souhait\u00e9. Il peut \u00eatre tr\u00e8s utile de faire des stages en milieu rural \u00e0 l\u2019externat afin de mieux comprendre le type de m\u00e9decine qui s\u2019y pratique. Il ne faut pas oublier non plus que la majorit\u00e9 des GMF-U en milieu rural ou en r\u00e9gion \u00e9loign\u00e9e offre de faire jusqu\u2019\u00e0 la moiti\u00e9 des stages en ville.\u00a0<\/p>\n\n\n\n<p><strong>Au Qu\u00e9bec ou hors&nbsp;Qu\u00e9bec&nbsp;<\/strong><\/p>\n\n\n\n<p>Faire sa r\u00e9sidence hors Qu\u00e9bec am\u00e8ne un lot de nouveaux d\u00e9fis, mais cela peut \u00eatre tr\u00e8s enrichissant pour apprendre d\u2019autres mod\u00e8les de pratique et d\u2019organisation des soins de sant\u00e9.&nbsp;<\/p>\n\n\n\n<p><strong>Pr\u00e8s de chez soi,&nbsp;vs.&nbsp;d\u00e9m\u00e9nager&nbsp;<\/strong><\/p>\n\n\n\n<p>Certains\u00a0vont pr\u00e9f\u00e9rer\u00a0demeurer\u00a0pr\u00e8s\u00a0de leur domicile actuel pour diverses raisons (ex.\u202f: famille, conjoint-e, enfants, propri\u00e9taire\u00a0immobilier, etc.). N\u00e9anmoins, il peut \u00eatre\u00a0int\u00e9ressant\u00a0de d\u00e9couvrir des GMF-U en p\u00e9riph\u00e9rie\u00a0de\u00a0votre r\u00e9gion\u00a0pour\u00a0\u00e9largir notre \u00e9ventail de choix.\u00a0\u00a0<\/p>\n\n\n\n<p>Faire sa r\u00e9sidence en r\u00e9gion comporte&nbsp;\u00e9galement&nbsp;plusieurs avantages, notamment d\u00e9velopper&nbsp;une&nbsp;autonomie&nbsp;professionnelle&nbsp;pour&nbsp;une transition plus fluide \u00e0&nbsp;la pratique.&nbsp;<\/p>\n\n\n\n<p><strong>Future r\u00e9gion&nbsp;de pratique&nbsp;<\/strong><\/p>\n\n\n\n<p>Faire notre r\u00e9sidence dans un secteur o\u00f9 nous&nbsp;souhaitons&nbsp;travailler est un atout puisque cela nous permet de conna\u00eetre le milieu et nos coll\u00e8gues&nbsp;avant le d\u00e9but de l\u2019exercice,&nbsp;ce qui&nbsp;facilite la transition&nbsp;en d\u00e9but de pratique.&nbsp;<\/p>\n\n\n\n<p>Il est\u00a0tout \u00e0 fait\u00a0possible de d\u00e9nicher un poste dans une r\u00e9gion o\u00f9 nous n\u2019avons pas fait notre r\u00e9sidence. Faire des stages \u00e0 option ou\u00a0pr\u00e9voir\u00a0des visites dans les milieux pour\u00a0d\u00e9montrer notre int\u00e9r\u00eat\u00a0peut\u00a0aider \u00e0\u00a0se faire conna\u00eetre et \u00e0 valider ses impressions\u00a0du milieu.\u00a0<\/p>\n<\/div><\/details><\/div>\n\n\n\n<div class=\"wp-block-coblocks-accordion-item\"><details><summary class=\"wp-block-coblocks-accordion-item__title\"><strong>Quelles sont les activit\u00e9s que j\u2019aime pratiquer en dehors de la m\u00e9decine?<\/strong><\/summary><div class=\"wp-block-coblocks-accordion-item__content\">\n<p>F\u00e9ru-e\u00a0de plein air?\u00a0\u00a0Passionn\u00e9-e\u00a0d\u2019arts et de spectacles? Avide de bons restos et bistrots branch\u00e9s? Vos loisirs et passions sont tr\u00e8s importants \u00e0 consid\u00e9rer dans votre d\u00e9cision. M\u00eame si vous suivez votre formation dans le meilleur GMF-U possible, vous vous y sentirez difficilement bien si l\u2019endroit ne vous permet pas de pratiquer vos activit\u00e9s favorites et de garder un \u00e9quilibre de vie!\u00a0<\/p>\n\n\n\n<p>La r\u00e9sidence sera bien occup\u00e9e, mais vous aurez du temps pour vous ressourcer.\u00a0\u00c9viter le surmenage!\u00a0Pensez \u00e0 utiliser vos journ\u00e9es de cong\u00e9, d\u2019\u00e9tude et de vacances\u00a0pour profiter\u00a0d\u2019activit\u00e9s offertes\u00a0dans la r\u00e9gion.\u00a0<\/p>\n<\/div><\/details><\/div>\n\n\n\n<div class=\"wp-block-coblocks-accordion-item\"><details><summary class=\"wp-block-coblocks-accordion-item__title\"><strong>Je suis en couple, j\u2019ai des enfants et autres responsabilit\u00e9s familiales&#8230;\u00a0<\/strong><\/summary><div class=\"wp-block-coblocks-accordion-item__content\">\n<p>L\u2019emplacement de votre GMF-U doit vous faciliter la vie, et non la compliquer! Si vous avez des enfants, il est important de savoir si le GMF-U auquel vous aspirez vous demandera de faire&nbsp;plusieurs stages&nbsp;dans&nbsp;d\u2019autres&nbsp;milieux. La possibilit\u00e9 pour votre&nbsp;conjoint-e&nbsp;de se trouver un emploi est aussi \u00e0 consid\u00e9rer.&nbsp;<\/p>\n<\/div><\/details><\/div>\n\n\n\n<div class=\"wp-block-coblocks-accordion-item\"><details><summary class=\"wp-block-coblocks-accordion-item__title\"><strong>Suis-je attir\u00e9(e) par certaines client\u00e8les en particulier?\u00a0<\/strong><\/summary><div class=\"wp-block-coblocks-accordion-item__content\">\n<p>Population vuln\u00e9rable, personnes toxicomanes, itin\u00e9rantes, autochtones, immigrantes, \u00e2g\u00e9es, sportifs, nourrissons, enfants, femmes enceintes\u2026 Chaque milieu a ses propres caract\u00e9ristiques au niveau de la population desservie.\u00a0Lors de vos visites, n\u2019h\u00e9sitez pas \u00e0 vous renseigner\u00a0\u00e0 ce sujet.\u00a0<\/p>\n<\/div><\/details><\/div>\n\n\n\n<div class=\"wp-block-coblocks-accordion-item\"><details><summary class=\"wp-block-coblocks-accordion-item__title\"><strong>Ai-je un int\u00e9r\u00eat pour certaines pratiques cibl\u00e9es?\u00a0<\/strong><\/summary><div class=\"wp-block-coblocks-accordion-item__content\">\n<p>Urgence, obst\u00e9trique, soins intensifs, soins de longue dur\u00e9e, et autres; il est important de savoir quelle place r\u00e9serve le GMF-U souhait\u00e9 aux types d\u2019activit\u00e9s qui vous int\u00e9ressent. Certains GMF-U permettent parfois de personnaliser sa formation. Le type de cliniques sp\u00e9cialis\u00e9es offertes peut varier d\u2018un site \u00e0 l\u2019autre, par exemple sant\u00e9 de la femme, locomoteur, chirurgie mineure, etc. Il faut retenir que l\u2019objectif de la r\u00e9sidence n\u2019est pas de former des sp\u00e9cialistes en domaines sp\u00e9cifiques, mais plut\u00f4t des m\u00e9decins comp\u00e9tents dans de multiples champs d\u2019activit\u00e9!&nbsp;<\/p>\n\n\n\n<p><strong>Autres sp\u00e9cialistes dans l\u2019h\u00f4pital<\/strong>&nbsp;<\/p>\n\n\n\n<p>Nous pouvons\u00a0en\u00a0apprendre beaucoup d\u2019autres\u00a0sp\u00e9cialistes pr\u00e9sents\u00a0dans notre centre hospitalier.\u00a0Un milieu\u00a0avec un grand nombre de\u00a0m\u00e9decins de famille\u00a0offre\u00a0par ailleurs\u00a0plusieurs\u00a0mod\u00e8les de r\u00f4le.\u00a0<\/p>\n\n\n\n<p><strong>R\u00e9sidentes et r\u00e9sidents d\u2019autres sp\u00e9cialit\u00e9s\u00a0<\/strong><\/p>\n\n\n\n<p>La pr\u00e9sence ou non de r\u00e9sidents d\u2019autres sp\u00e9cialit\u00e9s\u00a0aura\u00a0un impact sur les t\u00e2ches\u00a0et l\u2019exposition\u00a0que vous aurez. En l\u2019absence de r\u00e9sident-e en chirurgie,\u00a0par exemple,\u00a0vous\u00a0pourriez \u00eatre appel\u00e9-e \u00e0 faire de l\u2019assistance op\u00e9ratoire, notamment.\u00a0<\/p>\n\n\n\n<p><strong>\u00c9quipement&nbsp;<\/strong><\/p>\n\n\n\n<p>L\u2019\u00e9quipement offert dans les bureaux du GMF-U peut varier d\u2019un site \u00e0 l\u2019autre. Renseignez-vous\u00a0sur la possibilit\u00e9 de vaccination, \u00e9chographie, salle de mini-chirurgie, etc.\u00a0selon vos int\u00e9r\u00eats.\u00a0<\/p>\n<\/div><\/details><\/div>\n\n\n\n<div class=\"wp-block-coblocks-accordion-item\"><details><summary class=\"wp-block-coblocks-accordion-item__title\"><strong>Quelles sont les diff\u00e9rentes gardes \u00e0 assurer?\u00a0<\/strong><\/summary><div class=\"wp-block-coblocks-accordion-item__content\">\n<p>Chaque GMF-U a son syst\u00e8me de garde particulier. Il peut s\u2019agir de quarts de travail \u00e0 l\u2019urgence, de garde sur les \u00e9tages ou aux soins intensifs, de garde \u00e0 domicile pour le CHSLD, etc.&nbsp;<\/p>\n\n\n\n<p><strong>Questions utiles sur les gardes&nbsp;<\/strong><\/p>\n\n\n\n<ol class=\"wp-block-list\">\n<li>Nombre de gardes \u00e0 faire par mois&nbsp;<\/li>\n\n\n\n<li>Type de garde \u00e0 faire&nbsp;<\/li>\n\n\n\n<li>Possibilit\u00e9 ou non de moduler le type de gardes durant notre parcours acad\u00e9mique selon nos int\u00e9r\u00eats&nbsp;<\/li>\n<\/ol>\n<\/div><\/details><\/div>\n\n\n\n<div class=\"wp-block-coblocks-accordion-item\"><details><summary class=\"wp-block-coblocks-accordion-item__title\"><strong>Quelle est l\u2019ambiance du milieu?<\/strong><\/summary><div class=\"wp-block-coblocks-accordion-item__content\">\n<p>Il n\u2019y a rien comme une visite des lieux pour vous aider dans votre d\u00e9cision! N\u2019h\u00e9sitez pas \u00e0 assister aux diff\u00e9rentes pr\u00e9sentations offertes dans les universit\u00e9s et lors des journ\u00e9es d\u2019accueil \u00ab\u202fportes ouvertes\u202f\u00bb. Si les GMF-U que vous avez cibl\u00e9s n\u2019offrent pas de telles possibilit\u00e9s, contactez directement les directions respectives pour demander \u00e0 visiter le milieu. Comparez plusieurs endroits et faites-y des stages, dans la mesure du possible.\u00a0N\u2019h\u00e9sitez pas \u00e0 poser\u00a0des questions aux r\u00e9sidents-es et aux employ\u00e9s-es.\u00a0<\/p>\n\n\n\n<p><strong>Questions utiles sur l\u2019environnement physique&nbsp;<\/strong><\/p>\n\n\n\n<ol class=\"wp-block-list\">\n<li>Le&nbsp;GMF-U&nbsp;est-il pr\u00e8s&nbsp;de&nbsp;l\u2019h\u00f4pital?\n<ul class=\"wp-block-list\">\n<li>Ceci&nbsp;aura un impact&nbsp;sur la dur\u00e9e de&nbsp;vos d\u00e9placements entre les divers milieux d\u2019apprentissage et pour vos gardes.&nbsp;<\/li>\n<\/ul>\n<\/li>\n\n\n\n<li>\u00c0 quoi ressemble l\u2019espace bureau\u202f: Y a-t-il des fen\u00eatres dans les bureaux, un d\u00e9cor? Qu\u2019en est-il de l\u2019ergonomie des espaces de travail, le type de dossier utilis\u00e9,&nbsp;etc.&nbsp;&nbsp;<\/li>\n\n\n\n<li>\u00c0 quoi ressemblent&nbsp;le salon des r\u00e9sidents&nbsp;et la&nbsp;chambre de garde?&nbsp;<\/li>\n\n\n\n<li>\u00c0 quoi ressemble la salle \u00e0&nbsp;manger, la&nbsp;caf\u00e9t\u00e9ria, etc.?&nbsp;<\/li>\n\n\n\n<li>Y a-t-il une salle d\u2019entra\u00eenement&nbsp;sur place?&nbsp;<\/li>\n<\/ol>\n\n\n\n<p>Ces petites attentions (2-5) peuvent rendre votre exp\u00e9rience au quotidien plus agr\u00e9able.&nbsp;<\/p>\n<\/div><\/details><\/div>\n\n\n\n<div class=\"wp-block-coblocks-accordion-item\"><details><summary class=\"wp-block-coblocks-accordion-item__title\"><strong>Quelles sont les impressions des r\u00e9sidentes et des r\u00e9sidents?<\/strong><\/summary><div class=\"wp-block-coblocks-accordion-item__content\">\n<p>Il peut \u00eatre tr\u00e8s utile de parler avec des r\u00e9sidentes et r\u00e9sidents du milieu qui vous int\u00e9resse avant de prendre votre d\u00e9cision. Vous pourrez ainsi avoir un point de vue plus personnel. Mais attention! Il est normal que l\u2019on vous parle d\u2019aspects n\u00e9gatifs. Un GMF-U devient un milieu de vie, un peu comme une famille, puisqu\u2019on y passe beaucoup de temps. Il importera donc d\u2019obtenir des avis de plusieurs personnes pour avoir un portrait plus juste.\u00a0<\/p>\n\n\n\n<p><strong>Questions&nbsp;utiles sur l\u2019ambiance de travail&nbsp;<\/strong><\/p>\n\n\n\n<ol class=\"wp-block-list\">\n<li><em>Combien y a-t-il de r\u00e9sidents-es au GMF-U?\u00a0<\/em><\/li>\n<\/ol>\n\n\n\n<p>Un petit groupe a l\u2019avantage de cr\u00e9er en environnement convivial et plus personnalis\u00e9 o\u00f9 tout le monde se conna\u00eet.&nbsp;<\/p>\n\n\n\n<p>Un grand groupe a l\u2019avantage de cr\u00e9er un large r\u00e9seau&nbsp;de coll\u00e8gues de qui apprendre&nbsp;et sur qui compter.&nbsp;<\/p>\n\n\n\n<ol start=\"2\" class=\"wp-block-list\">\n<li><em>\u00c0 quel type d\u2019horaire peut-on s\u2019attendre? Quelles sont les heures de travail habituelles et les\u00a0modalit\u00e9s pour les\u00a0cong\u00e9s?\u00a0<\/em><\/li>\n<\/ol>\n\n\n\n<ol start=\"3\" class=\"wp-block-list\">\n<li><em>Quelle convivialit\u00e9 y a-t-il entre les r\u00e9sidentes et les r\u00e9sidents? De 1<sup>re<\/sup>\u00a0ann\u00e9e? Entre r\u00e9sidentes et r\u00e9sidents des deux ann\u00e9es de la r\u00e9sidence?\u00a0<\/em><\/li>\n<\/ol>\n\n\n\n<p>Un climat de travail convivial est favorable \u00e0 l\u2019int\u00e9gration. Les r\u00e9sidentes et les r\u00e9sidents pr\u00e9sentement en premi\u00e8re ann\u00e9e seront vos futurs-es coll\u00e8gues l\u2019ann\u00e9e suivante.\u00a0<\/p>\n\n\n\n<ol start=\"4\" class=\"wp-block-list\">\n<li><em>Y a-t-il des activit\u00e9s organis\u00e9es par les r\u00e9sidents?\u00a0<\/em><\/li>\n<\/ol>\n\n\n\n<p>Si vous \u00eates dans une r\u00e9gion \u00e9loign\u00e9e de votre r\u00e9seau habituel, les activit\u00e9s sociales entre r\u00e9sidentes et r\u00e9sidents en dehors des heures de travail peuvent \u00eatre un bon moyen de briser l\u2019isolement.\u00a0<\/p>\n\n\n\n<ol start=\"5\" class=\"wp-block-list\">\n<li><em>Quel est l\u2019\u00e9tat des rapports entre les r\u00e9sidents et les patrons?\u00a0<\/em><\/li>\n<\/ol>\n\n\n\n<p>Engagez une discussion sur le climat d\u2019enseignement et les \u00e9valuations. Durant la r\u00e9sidence, les contacts avec les patrons sont fr\u00e9quents et les r\u00e9troactions g\u00e9n\u00e9ralement quotidiennes.&nbsp;&nbsp;<\/p>\n\n\n\n<ol start=\"6\" class=\"wp-block-list\">\n<li><em>Quels sont les rapports avec les autres sp\u00e9cialistes?\u00a0<\/em><\/li>\n<\/ol>\n\n\n\n<p>Les m\u00e9decins d\u2019autres sp\u00e9cialit\u00e9s font-ils de l\u2019enseignement aux r\u00e9sidentes et r\u00e9sidents en m\u00e9decine de famille?\u00a0\u00a0<\/p>\n<\/div><\/details><\/div>\n<\/div>\n\n\n\n<p>Gardez \u00e0 l\u2019esprit qu\u2019importe le lieu de votre r\u00e9sidence, la grande majorit\u00e9 des r\u00e9sidentes et des r\u00e9sidents appr\u00e9cie leur exp\u00e9rience, m\u00eame si le lieu o\u00f9 elle s\u2019est r\u00e9alis\u00e9e n\u2019\u00e9tait pas n\u00e9cessairement leur premier choix!<\/p>\n\n\n\n<p>Bonne recherche! Bonne r\u00e9sidence!<\/p>\n","protected":false},"excerpt":{"rendered":"<p>Vous postulez \u00e0 la r\u00e9sidence en m\u00e9decine de famille? Vous devez d\u00e9cider dans quel groupe de m\u00e9decine de famille &#8211; universitaire (GMF-U) vous ferez vos deux ans de formation? Il existe au Qu\u00e9bec 51 GMF-U. Bien que chaque GMF-U ait [&hellip;]<\/p>\n","protected":false},"author":1,"featured_media":0,"parent":41,"menu_order":0,"comment_status":"closed","ping_status":"closed","template":"","meta":{"_acf_changed":false,"_coblocks_attr":"","_coblocks_dimensions":"","_coblocks_responsive_height":"","_coblocks_accordion_ie_support":"","footnotes":""},"class_list":["post-148","page","type-page","status-publish","hentry"],"acf":[],"_links":{"self":[{"href":"https:\/\/cqmfdev.cright.org\/index.php?rest_route=\/wp\/v2\/pages\/148","targetHints":{"allow":["GET"]}}],"collection":[{"href":"https:\/\/cqmfdev.cright.org\/index.php?rest_route=\/wp\/v2\/pages"}],"about":[{"href":"https:\/\/cqmfdev.cright.org\/index.php?rest_route=\/wp\/v2\/types\/page"}],"author":[{"embeddable":true,"href":"https:\/\/cqmfdev.cright.org\/index.php?rest_route=\/wp\/v2\/users\/1"}],"replies":[{"embeddable":true,"href":"https:\/\/cqmfdev.cright.org\/index.php?rest_route=%2Fwp%2Fv2%2Fcomments&post=148"}],"version-history":[{"count":13,"href":"https:\/\/cqmfdev.cright.org\/index.php?rest_route=\/wp\/v2\/pages\/148\/revisions"}],"predecessor-version":[{"id":8148,"href":"https:\/\/cqmfdev.cright.org\/index.php?rest_route=\/wp\/v2\/pages\/148\/revisions\/8148"}],"up":[{"embeddable":true,"href":"https:\/\/cqmfdev.cright.org\/index.php?rest_route=\/wp\/v2\/pages\/41"}],"wp:attachment":[{"href":"https:\/\/cqmfdev.cright.org\/index.php?rest_route=%2Fwp%2Fv2%2Fmedia&parent=148"}],"curies":[{"name":"wp","href":"https:\/\/api.w.org\/{rel}","templated":true}]}}