{"id":150,"date":"2019-11-09T03:31:42","date_gmt":"2019-11-09T03:31:42","guid":{"rendered":"http:\/\/cqmf.synchronicitycommunication.com\/?page_id=150"},"modified":"2021-11-23T14:45:24","modified_gmt":"2021-11-23T19:45:24","slug":"preparer-sa-pratique","status":"publish","type":"page","link":"https:\/\/cqmfdev.cright.org\/?page_id=150","title":{"rendered":"Pr\u00e9parer sa pratique"},"content":{"rendered":"\n<h3 class=\"wp-block-heading\"> \u00c9tapes incontournables<\/h3>\n\n\n\n<ol class=\"wp-block-list\" type=\"1\"><li>Visite des cliniques \/ information sur les r\u00e9gions \/ choix du type de pratique<\/li><li>D\u00e9marche des Plans r\u00e9gionaux d\u2019effectifs m\u00e9dicaux (PREM) et\/ou d\u00e9pannage<\/li><li>Obtention d&rsquo;un PREM<\/li><li>D\u00e9livrance du permis d\u2019exercice du Coll\u00e8ge des m\u00e9decins du Qu\u00e9bec (CMQ)<\/li><li>Droits d\u2019exercice en \u00e9tablissements<\/li><li>Examen de certification en m\u00e9decine de famille du Coll\u00e8ge des m\u00e9decins de famille du Canada (CMFC)<\/li><li>Choix de la date de d\u00e9but de pratique<\/li><li>Permis d\u2019exercice \/ Assurance responsabilit\u00e9 professionnelle<\/li><li>Num\u00e9ro de facturation R\u00e9gie de l\u2019assurance maladie du Qu\u00e9bec (RAMQ)<\/li><li>Agence de facturation<\/li><li>Planifier sa formation continue<\/li><\/ol>\n\n\n\n<div class=\"wp-block-coblocks-accordion\">\n<div class=\"wp-block-coblocks-accordion-item\"><details><summary class=\"wp-block-coblocks-accordion-item__title\"><strong>Possibilit\u00e9s d&#8217;emploi<\/strong><\/summary><div class=\"wp-block-coblocks-accordion-item__content\">\n<p>Pour conna\u00eetre les possibilit\u00e9s d\u2019emploi au Qu\u00e9bec, pensez assister \u00e0 la&nbsp;<a href=\"http:\/\/www.journeecarrierequebec.ca\/\" target=\"_blank\" rel=\"noreferrer noopener\">Journ\u00e9e carri\u00e8re Qu\u00e9bec<\/a>, foire d\u2019emploi annuelle tenue par la&nbsp;<a href=\"http:\/\/www.fmrq.qc.ca\/\" target=\"_blank\" rel=\"noreferrer noopener\">F\u00e9d\u00e9ration des m\u00e9decins r\u00e9sidents du Qu\u00e9bec (FMRQ)<\/a>. Vous pouvez \u00e9galement prendre connaissance des places disponibles par r\u00e9gion au&nbsp;<a href=\"http:\/\/www.msss.gouv.qc.ca\/professionnels\/medecine-au-quebec\/prem\/places-disponibles-medecine-de-famille\/#postes-prochaine-annee\" target=\"_blank\" rel=\"noreferrer noopener\">PREM en m\u00e9decine de famille<\/a>.<\/p>\n\n\n\n<p>Notez&nbsp;: une pratique exclusive de d\u00e9pannage ou en pratique priv\u00e9e hors R\u00e9gie de l\u2019assurance maladie du Qu\u00e9bec (RAMQ) peut \u00eatre envisag\u00e9e. Une demande de PREM n\u2019est pas n\u00e9cessaire pour ces d\u00e9marches d\u2019emploi.<\/p>\n<\/div><\/details><\/div>\n\n\n\n<div class=\"wp-block-coblocks-accordion-item\"><details><summary class=\"wp-block-coblocks-accordion-item__title\"><strong>D\u00e9marche des PREM : Avis de conformit\u00e9<\/strong><\/summary><div class=\"wp-block-coblocks-accordion-item__content\">\n<p>Le d\u00e9p\u00f4t des demandes de PREM a g\u00e9n\u00e9ralement lieu \u00e0 l\u2019automne de l\u2019ann\u00e9e pr\u00e9c\u00e9dant votre entr\u00e9e en pratique. Cependant, des demandes peuvent \u00eatre d\u00e9pos\u00e9es tout au long de l\u2019ann\u00e9e pour des postes vacants qui seront pourvus selon la formule \u00ab premier arriv\u00e9, premier servi \u00bb.<\/p>\n\n\n\n<p>Votre premi\u00e8re \u00e9tape consiste \u00e0 faire la demande d\u2019un avis de conformit\u00e9 au PREM. Consultez le site du minist\u00e8re de la Sant\u00e9 et des Services sociaux du Qu\u00e9bec pour <a href=\"https:\/\/msss.gouv.qc.ca\/professionnels\/medecine-au-quebec\/prem\/avis-de-conformite\/\">plus de renseignements sur la d\u00e9marche des PREM<\/a>.<\/p>\n\n\n\n<p><strong>Pratique de d\u00e9pannage<\/strong><\/p>\n\n\n\n<p>Si vous souhaitez faire du d\u00e9pannage <strong>occasionnellement<\/strong> dans l\u2019exercice de votre pratique, vous devez compl\u00e9ter la d\u00e9marche des PREM et celle de l\u2019inscription au m\u00e9canisme de d\u00e9pannage.<\/p>\n\n\n\n<p>Si vous choisissez de faire du d\u00e9pannage <strong>exclusivement<\/strong> dans l\u2019exercice de votre pratique, il n&rsquo;est pas n\u00e9cessaire de faire la d\u00e9marche pour l&rsquo;obtention d&rsquo;un PREM.<\/p>\n\n\n\n<p>Pour plus de <a href=\"https:\/\/www.msss.gouv.qc.ca\/professionnels\/medecine-au-quebec\/depannage-ou-remplacement\/\">renseignements concernant le m\u00e9canisme de d\u00e9pannage, consultez le site du minist\u00e8re de la Sant\u00e9 et des Services sociaux du Qu\u00e9bec (MSSS)<\/a>.<\/p>\n\n\n\n<p>Notez&nbsp;: il n\u2019y aucune d\u00e9marche \u00e0 entamer avant la fin de votre r\u00e9sidence. Pour vous inscrire au m\u00e9canisme de d\u00e9pannage, vous devez attendre la d\u00e9livrance de votre permis d\u2019exercice par le Coll\u00e8ge des m\u00e9decins du Qu\u00e9bec (CMQ) et ensuite compl\u00e9ter le formulaire d\u2019inscription disponible sur le site du MSSS.<\/p>\n<\/div><\/details><\/div>\n\n\n\n<div class=\"wp-block-coblocks-accordion-item\"><details><summary class=\"wp-block-coblocks-accordion-item__title\"><strong>Permis d&rsquo;exercice<\/strong><\/summary><div class=\"wp-block-coblocks-accordion-item__content\">\n<p>Le&nbsp;<a href=\"http:\/\/www.cmq.org\/\" target=\"_blank\" rel=\"noreferrer noopener\">Coll\u00e8ge des m\u00e9decins du Qu\u00e9bec<\/a>&nbsp;(CMQ), l\u2019ordre professionnel des m\u00e9decins du Qu\u00e9bec, d\u00e9livre le permis d\u2019exercice et le certificat de sp\u00e9cialiste.<\/p>\n\n\n\n<p>AVANT de soumettre votre demande de permis&nbsp;:<\/p>\n\n\n\n<ul class=\"wp-block-list\"><li>Consultez les conditions requises et les&nbsp;<a href=\"http:\/\/www.cmq.org\/hub\/fr\/permis-exercice.aspx\" target=\"_blank\" rel=\"noreferrer noopener\">directives en mati\u00e8re d\u2019admissibilit\u00e9<\/a>.<\/li><li>Consultez la liste des <a href=\"http:\/\/www.cmq.org\/page\/fr\/documents-requis.aspx\">documents requis<\/a>.<\/li><li>Consultez la <a href=\"http:\/\/www.cmq.org\/page\/fr\/grille-tarifaire.aspx\">grille tarifaire<\/a> sur les frais requis.<\/li><li>Assurez-vous de d\u00e9tenir une assurance responsabilit\u00e9 professionnelle.<\/li><\/ul>\n\n\n\n<p><a href=\"http:\/\/www.cmq.org\/hub\/fr\/permis-restrictif-formation-hors-du-canada-et-des-etats-unis-formation-france.aspx\">Permis restrictif&nbsp;<\/a>: consultez le site du CMQ pour les marches \u00e0 suivre pertinentes \u00e0 votre situation particuli\u00e8re.<\/p>\n\n\n\n<p>D\u00c9POSER sa demande&nbsp;:<\/p>\n\n\n\n<ul class=\"wp-block-list\"><li>Remplir une&nbsp;<a href=\"https:\/\/inscriptionmed.ca\/\" target=\"_blank\" rel=\"noreferrer noopener\">demande d\u2019inscription m\u00e9dicale \u00e0<\/a>&nbsp;<a href=\"https:\/\/inscriptionmed.ca\/\" target=\"_blank\" rel=\"noreferrer noopener\">inscriptionmed.ca<\/a>.&nbsp;<\/li><li>D\u00e9poser la demande au moins <strong>un mois avant la date pr\u00e9vue<\/strong> du d\u00e9but de pratique.<\/li><\/ul>\n\n\n\n<p>Notez&nbsp;: pour la d\u00e9livrance de votre permis entre le 1<sup>er<\/sup> juin et le 31 ao\u00fbt, la demande doit \u00eatre d\u00e9pos\u00e9e <strong>avant le 1<sup>er<\/sup> mai<\/strong>.<\/p>\n\n\n\n<p>Le CMQ&nbsp;:<\/p>\n\n\n\n<ul class=\"wp-block-list\"><li>Donne le num\u00e9ro qui sera inscrit sur le permis.<\/li><li>Informe la RAMQ de votre inscription.<\/li><\/ul>\n<\/div><\/details><\/div>\n\n\n\n<div class=\"wp-block-coblocks-accordion-item\"><details><summary class=\"wp-block-coblocks-accordion-item__title\"><strong>Droits d&rsquo;exercice en \u00e9tablissement<\/strong><\/summary><div class=\"wp-block-coblocks-accordion-item__content\">\n<p>Les droits d\u2019exercice en \u00e9tablissement repr\u00e9sentent des privil\u00e8ges d\u2019exercice dans des \u00e9tablissements tels que les groupes de m\u00e9decine de famille universitaires, les maisons de soins palliatifs, les centres d\u2019h\u00e9bergement et de soins de longue dur\u00e9e, etc. Les droits en \u00e9tablissement vous permettent \u00e9galement d\u2019avoir une pratique en hospitalisation, en obst\u00e9trique, \u00e0 l\u2019urgence, aux soins intensifs ou interm\u00e9diaires, etc.<\/p>\n\n\n\n<p>Comme les demandes de droits d\u2019exercice en \u00e9tablissement doivent \u00eatre r\u00e9vis\u00e9es par divers comit\u00e9s, ces d\u00e9marches doivent \u00eatre entam\u00e9es d\u00e8s l\u2019obtention de votre PREM.<\/p>\n\n\n\n<p>Les copies de certains documents \u00e9num\u00e9r\u00e9s ci-dessous peuvent \u00eatre exig\u00e9es lorsque vous pr\u00e9sentez une demande pour obtenir vos droits de pratique en \u00e9tablissement. Par exemple&nbsp;:<\/p>\n\n\n\n<ul class=\"wp-block-list\"><li>Dipl\u00f4me de m\u00e9decine<\/li><li>Permis d\u2019exercice de la m\u00e9decine<\/li><li>Certificat de bonne conduite du Coll\u00e8ge des m\u00e9decins du Qu\u00e9bec<\/li><li>Preuve d\u2019assurance responsabilit\u00e9 professionnelle<\/li><li>Vos r\u00e9sultats \u00e0 l\u2019examen du Coll\u00e8ge des m\u00e9decins de famille du Canada<\/li><li>Vos r\u00e9sultats \u00e0 l\u2019examen d&rsquo;aptitude du Conseil m\u00e9dical du Canada (EACMC), partie II<\/li><li>Une entente de confidentialit\u00e9<\/li><li>Un certificat de v\u00e9rification d\u2019ant\u00e9c\u00e9dents judiciaires<\/li><li>Une lettre de motivation<\/li><li>Une lettre de recommandation<\/li><\/ul>\n\n\n\n<p>Selon le milieu de pratique, chaque demande devra \u00eatre soumise aux personnes responsables appropri\u00e9es. Par exemple, \u00e0 la Direction des services professionnels (DSP) de votre secteur.<\/p>\n<\/div><\/details><\/div>\n\n\n\n<div class=\"wp-block-coblocks-accordion-item\"><details><summary class=\"wp-block-coblocks-accordion-item__title\"><strong>Examen de certification en m\u00e9decine de famille<\/strong><\/summary><div class=\"wp-block-coblocks-accordion-item__content\">\n<p>Pour tous renseignements au sujet de <a href=\"https:\/\/www.cfpc.ca\/fr\/education-professional-development\/examinations-and-certification\/certification-examination-in-family-medicine\">l\u2019Examen de certification en m\u00e9decine de famille, consultez le site du Coll\u00e8ge des m\u00e9decins de famille du Canada<\/a> (CMFC).<\/p>\n<\/div><\/details><\/div>\n\n\n\n<div class=\"wp-block-coblocks-accordion-item\"><details><summary class=\"wp-block-coblocks-accordion-item__title\"><strong>Num\u00e9ro de facturation<\/strong><\/summary><div class=\"wp-block-coblocks-accordion-item__content\">\n<p>Les num\u00e9ros de facturation sont automatiquement \u00e9mis par la RAMQ apr\u00e8s la d\u00e9livrance du permis d\u2019exercice du CMQ.<\/p>\n\n\n\n<ul class=\"wp-block-list\"><li>L\u2019obtention d\u2019un num\u00e9ro de facturation n\u2019engage aucuns frais.<\/li><li>D\u00e9lai de traitement : g\u00e9n\u00e9ralement, trois \u00e0 cinq jours.<\/li><li>Vous pouvez commencer \u00e0 travailler et facturer sans num\u00e9ro de facturation, jusqu\u2019\u00e0 trois mois avant de recevoir ce num\u00e9ro.<\/li><li>Il n\u2019y a aucune inscription suppl\u00e9mentaire \u00e0 faire pour facturer \u00e0 la&nbsp;<a href=\"http:\/\/www.csst.qc.ca\/Pages\/index.aspx\" target=\"_blank\" rel=\"noreferrer noopener\">Commission des normes, de l\u2019\u00e9quit\u00e9, de la sant\u00e9 et de la s\u00e9curit\u00e9 du travail<\/a>&nbsp;(CNESST).<\/li><\/ul>\n<\/div><\/details><\/div>\n\n\n\n<div class=\"wp-block-coblocks-accordion-item\"><details><summary class=\"wp-block-coblocks-accordion-item__title\"><strong>Agence de facturation<\/strong><\/summary><div class=\"wp-block-coblocks-accordion-item__content\">\n<p>Plusieurs m\u00e9decins en d\u00e9but d\u2019exercice choisissent de faire appel \u00e0 une agence de facturation afin de se familiariser et d\u2019optimiser cet aspect de leur pratique. N\u2019h\u00e9sitez pas \u00e0 vous renseigner aupr\u00e8s de vos coll\u00e8gues, votre clinique ou de votre \u00e9tablissement pour des recommandations.<\/p>\n\n\n\n<p>Voici une <a href=\"https:\/\/www.ramq.gouv.qc.ca\/fr\/professionnels\/agences-facturation\/agences-facturation\/Pages\/liste-agences-facturation.aspx\">liste fournie par la RAMQ<\/a> identifiant diff\u00e9rentes agences de facturation selon les secteurs du Qu\u00e9bec. Faire appel \u00e0 une agence de facturation demeure facultatif.<\/p>\n<\/div><\/details><\/div>\n\n\n\n<div class=\"wp-block-coblocks-accordion-item\"><details><summary class=\"wp-block-coblocks-accordion-item__title\"><strong>Acc\u00e8s \u00e9lectroniques \u00e0 v\u00e9rifier<\/strong><\/summary><div class=\"wp-block-coblocks-accordion-item__content\">\n<p><strong>Dossier sant\u00e9 Qu\u00e9bec (DSQ)<\/strong><\/p>\n\n\n\n<p>Assurez-vous d\u2019avoir acc\u00e8s au DSQ en tant que patron. V\u00e9rifiez et confirmez que la cl\u00e9 USB utilis\u00e9e lors de votre r\u00e9sidence pourra \u00eatre utilis\u00e9e dans votre pratique de patron.<\/p>\n\n\n\n<p><strong>Dossier m\u00e9dical \u00e9lectronique (DM\u00c9)  <\/strong><\/p>\n\n\n\n<p>Pour les personnes qui feront de la prise en charge, assurez-vous d\u2019avoir ou de faire la demande pour votre identifiant m\u00e9decin de famille <em>Business to business<\/em> (B2B) de la RAMQ.<\/p>\n\n\n\n<p>Vous devez installer le service d\u2019inscription de la client\u00e8le des professionnels de la sant\u00e9 \u2013 B2B de la RAMQ \u00e0 votre DM\u00c9 afin de pouvoir faire l\u2019inscription de vos patients en ligne.<\/p>\n\n\n\n<p><a href=\"https:\/\/www.ramq.gouv.qc.ca\/fr\/professionnels\/developpeurs-logiciels-medecine\/facturation\/Pages\/inscription-clientele.aspx\" target=\"_blank\" rel=\"noreferrer noopener\">Consultez ce lien<\/a> pour plus d\u2019information au sujet de l\u2019identifiant B2B.<\/p>\n<\/div><\/details><\/div>\n\n\n\n<div class=\"wp-block-coblocks-accordion-item\"><details><summary class=\"wp-block-coblocks-accordion-item__title\"><strong>Formation continue<\/strong><\/summary><div class=\"wp-block-coblocks-accordion-item__content\">\n<p>M\u00eame apr\u00e8s avoir compl\u00e9t\u00e9 votre programme de r\u00e9sidence, les apprentissages et les formations se poursuivent tout le long de votre carri\u00e8re m\u00e9dicale. Sachez que tout m\u00e9decin pratiquant au Qu\u00e9bec doit se conformer aux <a href=\"http:\/\/www.cmq.org\/page\/fr\/formation-continue-obligatoire-intro.aspx\">exigences de formation professionnelle continue requises par le Coll\u00e8ge des m\u00e9decins du Qu\u00e9bec<\/a> (CMQ).<\/p>\n\n\n\n<p>La plateforme Mainpro+ est celle offerte par le Coll\u00e8ge des m\u00e9decins de famille du Canada (CMFC) pour recenser vos activit\u00e9s de formation professionnelle continue. Le CMFC est organisme externe reconnu du CMQ pour attester vos heures de formation continue. En choisissant le CMFC, vous faites partie d\u2019un r\u00e9seau professionnel de plus de 60 ans d\u2019exp\u00e9rience en formation des m\u00e9decins et rassemblant plus de 40&nbsp;000 membres \u00e0 travers le Canada.<\/p>\n<\/div><\/details><\/div>\n\n\n\n<div class=\"wp-block-coblocks-accordion-item\"><details><summary class=\"wp-block-coblocks-accordion-item__title\"><strong>Guide du finissant<\/strong><\/summary><div class=\"wp-block-coblocks-accordion-item__content\">\n<p><a rel=\"noreferrer noopener\" href=\"http:\/\/www.fmrq.qc.ca\/pem-prem-en-mf\/le-guide-du-finissant\" target=\"_blank\"><em>Le Guide du finissant<\/em><\/a>, une publication annuelle de la FMRQ, pr\u00e9sente une foule de renseignements utiles aux r\u00e9sidents finissants issus de toutes les sp\u00e9cialit\u00e9s en voie de d\u00e9buter la pratique.<\/p>\n<\/div><\/details><\/div>\n\n\n\n<div class=\"wp-block-coblocks-accordion-item\"><details><summary class=\"wp-block-coblocks-accordion-item__title\"><strong>Le CQMF<\/strong> <strong>peut vous aider avec votre d\u00e9but de pratique<\/strong><\/summary><div class=\"wp-block-coblocks-accordion-item__content\">\n<p>Le CQMF et le CMFC sont l\u00e0 pour vous accompagner tout le long de votre parcours professionnel. Voici quelques ressources offertes pour vous soutenir&nbsp;:<\/p>\n\n\n\n<ul class=\"wp-block-list\"><li>Ressources pour la pr\u00e9paration \u00e0 l\u2019Examen de certification en m\u00e9decine de famille<ul><li>Programme de mentorat pour les m\u00e9decins en exercice<\/li><\/ul><ul><li>Un groupe Facebook Cinq premi\u00e8res ann\u00e9es en m\u00e9decine de famille<\/li><\/ul><ul><li>Plateforme Mainpro+ pour recenser ses heures de formation continue et les documents d\u2019attestation<\/li><\/ul><ul><li>Activit\u00e9s de formation continue (ex&nbsp;: articles dans le revue Le M\u00e9decin de famille canadien, congr\u00e8s FMF, soir\u00e9es-conf\u00e9rences, webinaires en ligne, etc.)<\/li><\/ul><ul><li>Opportunit\u00e9s de r\u00e9seautage parmi un bassin de plus de 40&nbsp;000 membres au Canada et plus de 4&nbsp;000 membres au Qu\u00e9bec.<\/li><\/ul><ul><li>Et encore plus!<\/li><\/ul><\/li><\/ul>\n<\/div><\/details><\/div>\n<\/div>\n\n\n\n<h3 class=\"wp-block-heading\">Acronymes \u00e0 d\u00e9mystifier<\/h3>\n\n\n\n<h4 class=\"wp-block-heading\">AMP<\/h4>\n\n\n\n<p>Les activit\u00e9s m\u00e9dicales particuli\u00e8res (AMP) sont de douze (12) heures par semaine pour les m\u00e9decins de famille ayant quinze ans de pratique et moins. Consultez&nbsp;le site de la<em> <\/em><a rel=\"noreferrer noopener\" href=\"http:\/\/www.fmrq.qc.ca\/publications\/r2s-in-family-medicine-how-to-choose-your-specific-medical-activities-amps-47\" target=\"_blank\">FMRQ<\/a> ou celui de la<em> <\/em><a rel=\"noreferrer noopener\" href=\"https:\/\/www.fmoq.org\/\" target=\"_blank\">FMOQ<\/a> pour en conna\u00eetre davantage sur les AMP.<\/p>\n\n\n\n<h4 class=\"wp-block-heading\">PEM<\/h4>\n\n\n\n<p>Les plans d&rsquo;effectifs m\u00e9dicaux (PEM) d\u2019un \u00e9tablissement correspondent au nombre de postes autoris\u00e9s par sp\u00e9cialit\u00e9. En m\u00e9decine de famille, un PEM est votre permis d&rsquo;exercice dans les divers \u00e9tablissements (h\u00f4pital, CHSLD, urgence, GMF-U, etc.). Pour en savoir plus, consultez&nbsp;le site des <a rel=\"noreferrer noopener\" href=\"https:\/\/www.msss.gouv.qc.ca\/professionnels\/medecine-au-quebec\/plans-d-effectifs-medicaux-pem-en-specialite\/\" target=\"_blank\">PEM<\/a> du minist\u00e8re de la Sant\u00e9 et des Services sociaux (MSSS).<\/p>\n\n\n\n<h4 class=\"wp-block-heading\">PREM<\/h4>\n\n\n\n<p>Les plans r\u00e9gionaux d\u2019effectifs m\u00e9dicaux (PREM) en m\u00e9decine de famille autorisent une cible pour le recrutement de m\u00e9decins de famille, et ce, pour chaque r\u00e9gion administrative du Qu\u00e9bec. Pour en savoir plus, consultez&nbsp;le site des <a rel=\"noreferrer noopener\" href=\"http:\/\/www.msss.gouv.qc.ca\/professionnels\/medecine-au-quebec\/prem\/prem-en-medecine-de-famille\/\" target=\"_blank\">PREM<\/a> du minist\u00e8re de la Sant\u00e9 et des Services sociaux (MSSS).<\/p>\n\n\n\n<h4 class=\"wp-block-heading\">RLS<\/h4>\n\n\n\n<p>Les r\u00e9seaux locaux de services (RLS) sont des zones territoriales du syst\u00e8me de sant\u00e9 et de services sociaux qu\u00e9b\u00e9cois. Un <a href=\"https:\/\/www.msss.gouv.qc.ca\/professionnels\/informations-geographiques-et-de-population\/decoupage-territorial\/\" target=\"_blank\" rel=\"noreferrer noopener\">RLS<\/a> est la r\u00e9gion d&rsquo;exercice dans laquelle les futurs m\u00e9decins obtiennent leur PREM. <\/p>\n","protected":false},"excerpt":{"rendered":"<p>\u00c9tapes incontournables Visite des cliniques \/ information sur les r\u00e9gions \/ choix du type de pratique D\u00e9marche des Plans r\u00e9gionaux d\u2019effectifs m\u00e9dicaux (PREM) et\/ou d\u00e9pannage Obtention d&rsquo;un PREM D\u00e9livrance du permis d\u2019exercice du Coll\u00e8ge des m\u00e9decins du Qu\u00e9bec (CMQ) Droits [&hellip;]<\/p>\n","protected":false},"author":1,"featured_media":0,"parent":41,"menu_order":0,"comment_status":"closed","ping_status":"closed","template":"","meta":{"_acf_changed":false,"_coblocks_attr":"","_coblocks_dimensions":"","_coblocks_responsive_height":"","_coblocks_accordion_ie_support":"","footnotes":""},"class_list":["post-150","page","type-page","status-publish","hentry"],"acf":[],"_links":{"self":[{"href":"https:\/\/cqmfdev.cright.org\/index.php?rest_route=\/wp\/v2\/pages\/150","targetHints":{"allow":["GET"]}}],"collection":[{"href":"https:\/\/cqmfdev.cright.org\/index.php?rest_route=\/wp\/v2\/pages"}],"about":[{"href":"https:\/\/cqmfdev.cright.org\/index.php?rest_route=\/wp\/v2\/types\/page"}],"author":[{"embeddable":true,"href":"https:\/\/cqmfdev.cright.org\/index.php?rest_route=\/wp\/v2\/users\/1"}],"replies":[{"embeddable":true,"href":"https:\/\/cqmfdev.cright.org\/index.php?rest_route=%2Fwp%2Fv2%2Fcomments&post=150"}],"version-history":[{"count":24,"href":"https:\/\/cqmfdev.cright.org\/index.php?rest_route=\/wp\/v2\/pages\/150\/revisions"}],"predecessor-version":[{"id":3900,"href":"https:\/\/cqmfdev.cright.org\/index.php?rest_route=\/wp\/v2\/pages\/150\/revisions\/3900"}],"up":[{"embeddable":true,"href":"https:\/\/cqmfdev.cright.org\/index.php?rest_route=\/wp\/v2\/pages\/41"}],"wp:attachment":[{"href":"https:\/\/cqmfdev.cright.org\/index.php?rest_route=%2Fwp%2Fv2%2Fmedia&parent=150"}],"curies":[{"name":"wp","href":"https:\/\/api.w.org\/{rel}","templated":true}]}}