{"id":266,"date":"2019-11-19T20:10:30","date_gmt":"2019-11-20T01:10:30","guid":{"rendered":"http:\/\/cqmf.synchronicitycommunication.com\/?page_id=266"},"modified":"2025-05-22T15:29:15","modified_gmt":"2025-05-22T20:29:15","slug":"prix","status":"publish","type":"page","link":"https:\/\/cqmfdev.cright.org\/?page_id=266","title":{"rendered":"Prix"},"content":{"rendered":"\n\n\n<h2 class=\"wp-block-heading\">Prix Andr\u00e9e Gagnon<\/h2>\n\n\n\n<p class=\"has-text-align-left\"><a href=\"https:\/\/www.cqmf.qc.ca\/wp-content\/uploads\/2022\/05\/Formulaire-Prix-Andree-Gagnon_2023.pdf\" data-type=\"URL\" data-id=\"https:\/\/www.cqmf.qc.ca\/wp-content\/uploads\/2022\/05\/Formulaire-Prix-Andree-Gagnon_2023.pdf\">Formulaire de d\u00e9p\u00f4t de candidature<\/a><\/p>\n\n\n\n<p class=\"has-text-align-left\"><a>Ce prix du Coll\u00e8ge qu\u00e9b\u00e9cois des m\u00e9decins de famille (CQMF) est d\u00e9cern\u00e9 en hommage \u00e0 la docteure Andr\u00e9e Gagnon. Cette distinction honorifique c\u00e9l\u00e8bre l\u2019engagement passionn\u00e9 d\u2019une ou d\u2019un m\u00e9decin de famille dont l\u2019influence positive est inspirante. Championne reconnue dans le monde de la p\u00e9rinatalit\u00e9 au Qu\u00e9bec, d\u00e9di\u00e9e \u00e0 sa communaut\u00e9 et d\u00e9vou\u00e9e envers sa famille, la Dre Andr\u00e9e Gagnon, m\u00e9decin accoucheuse et m\u00e8re de six enfants, a impr\u00e9gn\u00e9 par sa fougue, sa r\u00e9silience dans la maladie et son amour de la profession et de l\u2019enseignement tous celles et ceux qui ont crois\u00e9 son chemin. Mod\u00e8le de r\u00f4le exceptionnel, elle aura \u00e9t\u00e9 pour de nombreuses cohortes l\u2019\u00e9tincelle \u00e0 la source d\u2019une pratique signifiante<\/a> et profond\u00e9ment humaine.<\/p>\n\n\n\n<p style=\"font-size:23px\">Processus de mise en candidature<\/p>\n\n\n\n<p><strong>Un court texte (environ 600 mots \u2013 1 page)<\/strong> doit \u00eatre joint au formulaire de d\u00e9p\u00f4t de candidature t\u00e9moignant des qualit\u00e9s humaines de la personne, reli\u00e9es aux crit\u00e8res de s\u00e9lection ainsi que les raisons qui vous incitent \u00e0 croire qu\u2019elle m\u00e9rite cette distinction.<\/p>\n\n\n\n<p>Est admissible&nbsp;:<\/p>\n\n\n\n<ul class=\"wp-block-list\">\n<li>Une ou un m\u00e9decin de famille, membre du CQMF<\/li>\n\n\n\n<li>En exercice depuis au moins 5 ans<\/li>\n<\/ul>\n\n\n\n<p>Les candidatures seront s\u00e9lectionn\u00e9es sur la base des crit\u00e8res suivants&nbsp;:<\/p>\n\n\n\n<p>Les candidatures doivent \u00eatre soumises au CQMF.&nbsp;La date limite pour remettre la candidature est le 29 f\u00e9vrier. Pour que la candidature soit recevable, elle doit \u00eatre soumise par un pair.<\/p>\n\n\n\n<p style=\"font-size:15px\"><mark style=\"background-color:rgba(0, 0, 0, 0)\" class=\"has-inline-color has-cqmf-s-4-color\"><strong>Les candidatures ayant d\u00e9j\u00e0 re\u00e7u un prix du CQMF au cours des cinq (5) derni\u00e8res ann\u00e9es ne sont pas admissibles \u00e0 un second prix \u00e0 l\u2019int\u00e9rieur de ces 5 ans (entre la premi\u00e8re et la deuxi\u00e8me nomination).<\/strong><\/mark><\/p>\n","protected":false},"excerpt":{"rendered":"<p>Prix Andr\u00e9e Gagnon Formulaire de d\u00e9p\u00f4t de candidature Ce prix du Coll\u00e8ge qu\u00e9b\u00e9cois des m\u00e9decins de famille (CQMF) est d\u00e9cern\u00e9 en hommage \u00e0 la docteure Andr\u00e9e Gagnon. Cette distinction honorifique c\u00e9l\u00e8bre l\u2019engagement passionn\u00e9 d\u2019une ou d\u2019un m\u00e9decin de famille dont [&hellip;]<\/p>\n","protected":false},"author":3,"featured_media":0,"parent":24,"menu_order":3,"comment_status":"closed","ping_status":"closed","template":"","meta":{"_acf_changed":false,"_coblocks_attr":"","_coblocks_dimensions":"","_coblocks_responsive_height":"","_coblocks_accordion_ie_support":"","footnotes":""},"class_list":["post-266","page","type-page","status-publish","hentry"],"acf":[],"_links":{"self":[{"href":"https:\/\/cqmfdev.cright.org\/index.php?rest_route=\/wp\/v2\/pages\/266","targetHints":{"allow":["GET"]}}],"collection":[{"href":"https:\/\/cqmfdev.cright.org\/index.php?rest_route=\/wp\/v2\/pages"}],"about":[{"href":"https:\/\/cqmfdev.cright.org\/index.php?rest_route=\/wp\/v2\/types\/page"}],"author":[{"embeddable":true,"href":"https:\/\/cqmfdev.cright.org\/index.php?rest_route=\/wp\/v2\/users\/3"}],"replies":[{"embeddable":true,"href":"https:\/\/cqmfdev.cright.org\/index.php?rest_route=%2Fwp%2Fv2%2Fcomments&post=266"}],"version-history":[{"count":11,"href":"https:\/\/cqmfdev.cright.org\/index.php?rest_route=\/wp\/v2\/pages\/266\/revisions"}],"predecessor-version":[{"id":7966,"href":"https:\/\/cqmfdev.cright.org\/index.php?rest_route=\/wp\/v2\/pages\/266\/revisions\/7966"}],"up":[{"embeddable":true,"href":"https:\/\/cqmfdev.cright.org\/index.php?rest_route=\/wp\/v2\/pages\/24"}],"wp:attachment":[{"href":"https:\/\/cqmfdev.cright.org\/index.php?rest_route=%2Fwp%2Fv2%2Fmedia&parent=266"}],"curies":[{"name":"wp","href":"https:\/\/api.w.org\/{rel}","templated":true}]}}