{"id":32,"date":"2019-10-15T01:25:59","date_gmt":"2019-10-15T01:25:59","guid":{"rendered":"http:\/\/cqmf.synchronicitycommunication.com\/?page_id=32"},"modified":"2023-09-27T08:41:51","modified_gmt":"2023-09-27T13:41:51","slug":"nous-joindre","status":"publish","type":"page","link":"https:\/\/cqmfdev.cright.org\/?page_id=32","title":{"rendered":"Nous joindre"},"content":{"rendered":"\n<h3 class=\"wp-block-heading\" style=\"font-size:32px\">Coll\u00e8ge qu\u00e9b\u00e9cois des m\u00e9decins de famille (CQMF)<\/h3>\n\n\n\n<p><strong>Adresse<\/strong><br>3210, avenue Jacques-Bureau, bur. 202<br>Laval (Qu\u00e9bec)  <br>H7P 0A9<\/p>\n\n\n\n<p><strong>T\u00e9l\u00e9phone<\/strong><br><a href=\"tel:4509732228\">450&nbsp;973-2228<\/a><\/p>\n\n\n\n<p><strong>Ligne sans frais<\/strong><br><a href=\"tel:18004815962\">1&nbsp;800&nbsp;481-5962<\/a><\/p>\n\n\n\n<p><strong>T\u00e9l\u00e9copie<\/strong><br><a href=\"tel:4509734329\">450&nbsp;973-4329<\/a><\/p>\n\n\n\n<p><strong>Courriel<\/strong><br><a href=\"mailto:info@cqmf.qc.ca\">info@cqmf.qc.ca<\/a><\/p>\n\n\n\n<p>Le CQMF n\u2019offre pas de service de consultation en ligne. Si vous avez des questions d\u2019ordre m\u00e9dical, consultez une professionnelle ou un professionnel de la sant\u00e9. Si vous \u00eates \u00e0 la recherche d&rsquo;une ou d\u2019un m\u00e9decin de famille, inscrivez-vous au Guichet d\u2019acc\u00e8s \u00e0 un m\u00e9decin de famille (<a href=\"https:\/\/www.quebec.ca\/sante\/trouver-une-ressource\/inscription-aupres-d-un-medecin-de-famille\/\">GAMF<\/a>).<\/p>\n","protected":false},"excerpt":{"rendered":"<p>Coll\u00e8ge qu\u00e9b\u00e9cois des m\u00e9decins de famille (CQMF) Adresse3210, avenue Jacques-Bureau, bur. 202Laval (Qu\u00e9bec) H7P 0A9 T\u00e9l\u00e9phone450&nbsp;973-2228 Ligne sans frais1&nbsp;800&nbsp;481-5962 T\u00e9l\u00e9copie450&nbsp;973-4329 Courrielinfo@cqmf.qc.ca Le CQMF n\u2019offre pas de service de consultation en ligne. Si vous avez des questions d\u2019ordre m\u00e9dical, consultez une [&hellip;]<\/p>\n","protected":false},"author":1,"featured_media":0,"parent":0,"menu_order":0,"comment_status":"closed","ping_status":"closed","template":"","meta":{"_acf_changed":false,"_coblocks_attr":"","_coblocks_dimensions":"","_coblocks_responsive_height":"","_coblocks_accordion_ie_support":"","footnotes":""},"class_list":["post-32","page","type-page","status-publish","hentry"],"acf":[],"_links":{"self":[{"href":"https:\/\/cqmfdev.cright.org\/index.php?rest_route=\/wp\/v2\/pages\/32","targetHints":{"allow":["GET"]}}],"collection":[{"href":"https:\/\/cqmfdev.cright.org\/index.php?rest_route=\/wp\/v2\/pages"}],"about":[{"href":"https:\/\/cqmfdev.cright.org\/index.php?rest_route=\/wp\/v2\/types\/page"}],"author":[{"embeddable":true,"href":"https:\/\/cqmfdev.cright.org\/index.php?rest_route=\/wp\/v2\/users\/1"}],"replies":[{"embeddable":true,"href":"https:\/\/cqmfdev.cright.org\/index.php?rest_route=%2Fwp%2Fv2%2Fcomments&post=32"}],"version-history":[{"count":12,"href":"https:\/\/cqmfdev.cright.org\/index.php?rest_route=\/wp\/v2\/pages\/32\/revisions"}],"predecessor-version":[{"id":6327,"href":"https:\/\/cqmfdev.cright.org\/index.php?rest_route=\/wp\/v2\/pages\/32\/revisions\/6327"}],"wp:attachment":[{"href":"https:\/\/cqmfdev.cright.org\/index.php?rest_route=%2Fwp%2Fv2%2Fmedia&parent=32"}],"curies":[{"name":"wp","href":"https:\/\/api.w.org\/{rel}","templated":true}]}}