{"id":44,"date":"2019-10-15T01:33:33","date_gmt":"2019-10-15T01:33:33","guid":{"rendered":"http:\/\/cqmf.synchronicitycommunication.com\/?page_id=44"},"modified":"2023-03-28T13:43:00","modified_gmt":"2023-03-28T18:43:00","slug":"mentorat","status":"publish","type":"page","link":"https:\/\/cqmfdev.cright.org\/?page_id=44","title":{"rendered":"Mentorat"},"content":{"rendered":"\n<p class=\"has-text-align-center has-cqmf-p-1-color has-text-color\" style=\"font-size:28px\">Le mentorat est pour vous si&#8230; :<\/p>\n\n\n\n<p>&#8211; Vous vivez actuellement une <strong>p\u00e9riode de transition <\/strong>dans votre vie personnelle ou professionnelle (par exemple : changement de milieu de pratique, retour d&rsquo;un cong\u00e9 parental ou d&rsquo;une longue maladie, etc.) et souhaiteriez b\u00e9n\u00e9ficier de l&rsquo;accompagnement d&rsquo;une personne de confiance qui est pass\u00e9e par l\u00e0 avant vous, ou;<\/p>\n\n\n\n<p>&#8211; Vous avez des <strong>questions que vous aimeriez poser <\/strong>\u00e0 une ou un m\u00e9decin de famille pour vous aider \u00e0 approfondir votre r\u00e9flexion que ce soit au sujet de votre cheminement personnel, votre parcours acad\u00e9mique et professionnel ou encore pour d\u00e9velopper votre expertise et vos comp\u00e9tences, ou;<\/p>\n\n\n\n<p>&#8211; Vous<strong> souhaitez redonner au suivant<\/strong>, partager votre exp\u00e9rience et vos connaissances, transmettre votre passion et contribuer au d\u00e9veloppement professionnel de vos coll\u00e8gues et de la rel\u00e8ve en m\u00e9decine de famille.<\/p>\n","protected":false},"excerpt":{"rendered":"<p>Le mentorat est pour vous si&#8230; : &#8211; Vous vivez actuellement une p\u00e9riode de transition dans votre vie personnelle ou professionnelle (par exemple : changement de milieu de pratique, retour d&rsquo;un cong\u00e9 parental ou d&rsquo;une longue maladie, etc.) et souhaiteriez [&hellip;]<\/p>\n","protected":false},"author":1,"featured_media":0,"parent":28,"menu_order":0,"comment_status":"closed","ping_status":"closed","template":"","meta":{"_acf_changed":false,"_coblocks_attr":"Georgia","_coblocks_dimensions":"","_coblocks_responsive_height":"","_coblocks_accordion_ie_support":"","footnotes":""},"class_list":["post-44","page","type-page","status-publish","hentry"],"acf":[],"_links":{"self":[{"href":"https:\/\/cqmfdev.cright.org\/index.php?rest_route=\/wp\/v2\/pages\/44","targetHints":{"allow":["GET"]}}],"collection":[{"href":"https:\/\/cqmfdev.cright.org\/index.php?rest_route=\/wp\/v2\/pages"}],"about":[{"href":"https:\/\/cqmfdev.cright.org\/index.php?rest_route=\/wp\/v2\/types\/page"}],"author":[{"embeddable":true,"href":"https:\/\/cqmfdev.cright.org\/index.php?rest_route=\/wp\/v2\/users\/1"}],"replies":[{"embeddable":true,"href":"https:\/\/cqmfdev.cright.org\/index.php?rest_route=%2Fwp%2Fv2%2Fcomments&post=44"}],"version-history":[{"count":21,"href":"https:\/\/cqmfdev.cright.org\/index.php?rest_route=\/wp\/v2\/pages\/44\/revisions"}],"predecessor-version":[{"id":5781,"href":"https:\/\/cqmfdev.cright.org\/index.php?rest_route=\/wp\/v2\/pages\/44\/revisions\/5781"}],"up":[{"embeddable":true,"href":"https:\/\/cqmfdev.cright.org\/index.php?rest_route=\/wp\/v2\/pages\/28"}],"wp:attachment":[{"href":"https:\/\/cqmfdev.cright.org\/index.php?rest_route=%2Fwp%2Fv2%2Fmedia&parent=44"}],"curies":[{"name":"wp","href":"https:\/\/api.w.org\/{rel}","templated":true}]}}