{"id":55,"date":"2019-10-15T02:33:13","date_gmt":"2019-10-15T02:33:13","guid":{"rendered":"http:\/\/cqmf.synchronicitycommunication.com\/?page_id=55"},"modified":"2025-02-25T14:13:06","modified_gmt":"2025-02-25T19:13:06","slug":"developpement-professionnel-continu","status":"publish","type":"page","link":"https:\/\/cqmfdev.cright.org\/?page_id=55","title":{"rendered":"D\u00e9veloppement professionnel continu (DPC)"},"content":{"rendered":"\n<p>Les m\u00e9decins de famille doivent \u00eatre au fait des derni\u00e8res perc\u00e9es en m\u00e9decine et dans le domaine de la prestation des soins de sant\u00e9. Pour y parvenir, toute une gamme d\u2019activit\u00e9s de&nbsp;<strong>d\u00e9veloppement professionnel continu&nbsp;<\/strong>(DPC) s\u2019est d\u00e9velopp\u00e9e.<\/p>\n\n\n\n<p class=\"has-cqmf-black-color has-text-color has-link-color wp-elements-839a05377cedc25698b31a752d244d81\">Le programme Mainpro+ (<strong>Maintien de la comp\u00e9tence professionnelle<\/strong>), du Coll\u00e8ge des m\u00e9decins de famille du Canada (CMFC), est con\u00e7u pour appuyer et promouvoir le DPC des m\u00e9decins de famille. En effet, ce programme repose sur des normes \u00e9lev\u00e9es en mati\u00e8re d\u2019\u00e9thique et de qualit\u00e9 gr\u00e2ce \u00e0 un rigoureux processus de certification fond\u00e9 sur l\u2019\u00e9valuation par les pairs. Participer au programme Mainpro+ est \u00e9galement une fa\u00e7on simple et utile de r\u00e9pondre aux obligations de DPC du <a href=\"http:\/\/www.cmq.org\/page\/fr\/formation-continue-obligatoire-intro.aspx\" data-type=\"link\" data-id=\"http:\/\/www.cmq.org\/page\/fr\/formation-continue-obligatoire-intro.aspx\" target=\"_blank\" rel=\"noreferrer noopener\">R\u00e8glement sur la formation continue obligatoire<\/a> du Coll\u00e8ge des m\u00e9decins du Qu\u00e9bec (CMQ).&nbsp;<\/p>\n\n\n<div class=\"wp-block-image\">\n<figure class=\"aligncenter size-full is-resized\"><img loading=\"lazy\" decoding=\"async\" width=\"3794\" height=\"6250\" src=\"https:\/\/www.cqmf.qc.ca\/wp-content\/uploads\/2025\/02\/Tableau-comparaison-Mainpro-et-CMQ-V6.png\" alt=\"\" class=\"wp-image-7811\" style=\"width:840px;height:auto\" srcset=\"https:\/\/cqmfdev.cright.org\/wp-content\/uploads\/2025\/02\/Tableau-comparaison-Mainpro-et-CMQ-V6.png 3794w, https:\/\/cqmfdev.cright.org\/wp-content\/uploads\/2025\/02\/Tableau-comparaison-Mainpro-et-CMQ-V6-182x300.png 182w, https:\/\/cqmfdev.cright.org\/wp-content\/uploads\/2025\/02\/Tableau-comparaison-Mainpro-et-CMQ-V6-622x1024.png 622w, https:\/\/cqmfdev.cright.org\/wp-content\/uploads\/2025\/02\/Tableau-comparaison-Mainpro-et-CMQ-V6-768x1265.png 768w, https:\/\/cqmfdev.cright.org\/wp-content\/uploads\/2025\/02\/Tableau-comparaison-Mainpro-et-CMQ-V6-932x1536.png 932w, https:\/\/cqmfdev.cright.org\/wp-content\/uploads\/2025\/02\/Tableau-comparaison-Mainpro-et-CMQ-V6-1243x2048.png 1243w\" sizes=\"auto, (max-width: 3794px) 100vw, 3794px\" \/><\/figure><\/div>\n\n\n<p class=\"has-text-align-center has-cqmf-black-color has-text-color\"><strong>ASTUCE :&nbsp;<\/strong>Consultez notre <a href=\"https:\/\/www.cqmf.qc.ca\/2020\/04\/01\/foire-aux-questions-reglement-du-cmq\" target=\"_blank\" rel=\"noreferrer noopener\">Foire aux questions sur le r\u00e8glement du CMQ<\/a><\/p>\n\n\n\n<div class=\"wp-block-coblocks-accordion\">\n<div class=\"wp-block-coblocks-accordion-item\"><details><summary class=\"wp-block-coblocks-accordion-item__title\">Plateforme Mainpro+<\/summary><div class=\"wp-block-coblocks-accordion-item__content\"><div class=\"wp-block-image\">\n<figure class=\"aligncenter size-large\"><img loading=\"lazy\" decoding=\"async\" width=\"300\" height=\"73\" src=\"http:\/\/cqmf.qc.ca\/wp-content\/uploads\/2020\/02\/Mainpro2.jpg\" alt=\"Mainpro+\" class=\"wp-image-357\"\/><\/figure><\/div>\n\n\n<div class=\"wp-block-button aligncenter\"><a class=\"wp-block-button__link wp-element-button\" href=\"https:\/\/portal.cfpc.ca\/CFPC\/Sign_In.aspx\">Entrez vos cr\u00e9dits<\/a><\/div>\n\n\n\n<p>La plateforme Mainpro+ vous offre un moyen pratique de r\u00e9pertorier vos activit\u00e9s de DPC et vous en propose de nouvelles, vous permettant ainsi de vous conformer aux exigences du CMFC et du CMQ.<\/p>\n\n\n\n<p><strong>NOUVELLE PLATEFORME MAINPRO+&nbsp;<\/strong>: Consultez notre <a href=\"https:\/\/www.cqmf.qc.ca\/2025\/01\/28\/nouvelle-plateforme-mainpro-trucs-et-astuces\/\" target=\"_blank\" rel=\"noreferrer noopener\">page de trucs et astuces<\/a>!<\/p>\n\n\n\n<p>Les formations certifi\u00e9es par le CQMF de 3 heures (1\/2 journ\u00e9e) et de 6 heures (1 journ\u00e9e), sont admissibles \u2012 pour les participantes et participants sur pr\u00e9sentation de leur certificat de pr\u00e9sence \u2012 aux <a rel=\"noreferrer noopener\" href=\"https:\/\/www.ramq.gouv.qc.ca\/fr\/professionnels\/medecins-omnipraticiens\/formulaires\/demandes-remboursement-admissibles\/Pages\/3814.aspx\" target=\"_blank\">demandes de remboursement des mesures de ressourcement et d\u2019allocations du fonds de formation continue de la RAMQ.<\/a><\/p>\n\n\n\n<p>Pour toute question ou demande d&rsquo;aide, communiquez avec l\u2019\u00e9quipe de DPC du CQMF au 450 973-2228 \/ 1 800 481-5962 ou \u00e0 <a href=\"mailto:dpc@cqmf.qc.ca\">dpc@cqmf.qc.ca<\/a> ou avec l&rsquo;\u00e9quipe de DPC du CMFC \u00e0 <a href=\"mailto:mainprocredits@cfpc.ca\">mainprocredits@cfpc.ca<\/a>.<\/p>\n<\/div><\/details><\/div>\n\n\n\n<div class=\"wp-block-coblocks-accordion-item\"><details><summary class=\"wp-block-coblocks-accordion-item__title\">J&rsquo;organise une formation<\/summary><div class=\"wp-block-coblocks-accordion-item__content\">\n<h4 class=\"wp-block-heading\"><strong>Pourquoi certifier mon programme de formation continue?<\/strong><\/h4>\n\n\n\n<ul class=\"wp-block-list is-style-default\">\n<li>Plus de 40&nbsp;000 m\u00e9decins de famille de partout au Canada doivent obtenir des cr\u00e9dits Mainpro+ pour maintenir leur adh\u00e9sion au CMFC<\/li>\n\n\n\n<li>Depuis le 1<sup>er<\/sup>&nbsp;janvier 2019, tous les m\u00e9decins du Qu\u00e9bec doivent se conformer aux obligations de DPC du CMQ<\/li>\n\n\n\n<li>Le CQMF est un organisme pleinement agr\u00e9\u00e9 en d\u00e9veloppement professionnel continu par le CMQ<\/li>\n\n\n\n<li>Le processus d\u2019\u00e9valuation par les pairs assure que tout le contenu est pertinent pour les&nbsp;m\u00e9decins de famille<\/li>\n\n\n\n<li>La certification Mainpro+ d\u00e9montre un engagement \u00e0 l\u2019\u00e9gard de la qualit\u00e9 des programmes de formation<\/li>\n<\/ul>\n\n\n\n<h4 class=\"wp-block-heading\"><strong>Processus de certification<\/strong><\/h4>\n\n\n\n<p>Pour guider le d\u00e9veloppement de vos programmes de formation et d\u00e9poser une demande de certification r\u00e9pondant aux exigences Mainpro+, veuillez prendre connaissance des documents suivants&nbsp;:<\/p>\n\n\n\n<ul class=\"wp-block-list is-style-none\">\n<li><a href=\"https:\/\/www.cfpc.ca\/fr\/education-professional-development\/cpd-program-certification\/understanding-mainpro-certification\" data-type=\"URL\" data-id=\"https:\/\/www.cfpc.ca\/CFPC\/media\/PDF\/Understanding-Mainpro-Certification-French-April15-2021.pdf\" target=\"_blank\" rel=\"noreferrer noopener\">Normes de certification Mainpro+<\/a>\n<ul class=\"wp-block-list\">\n<li>Les bases d\u2019une programmation de DPC de qualit\u00e9<\/li>\n<\/ul>\n<\/li>\n\n\n\n<li><a href=\"https:\/\/www.cfpc.ca\/fr\/education-et-developpement-professionnel\/certification-des-programmes-de-dpc\/certification-des-programmes-de-dpc\" target=\"_blank\" rel=\"noreferrer noopener\">Ressources et guides pratiques<\/a>\n<ul class=\"wp-block-list\">\n<li>Documents de r\u00e9f\u00e9rence et gabarits pour accompagner le d\u00e9veloppement et la certification d\u2019un programme de formation continue<\/li>\n<\/ul>\n<\/li>\n\n\n\n<li><a href=\"http:\/\/cqdpcm.ca\/tool\/code-dethique\/\" target=\"_blank\" rel=\"noreferrer noopener\">Code d\u2019\u00e9thique du CQDPCM<\/a>\n<ul class=\"wp-block-list\">\n<li>Le CQMF est un organisme accr\u00e9diteur, membre du Conseil qu\u00e9b\u00e9cois de d\u00e9veloppement professionnel continu des m\u00e9decins (CQDPCM), et s\u2019engage \u00e0 respecter les dispositions de son&nbsp;<a href=\"http:\/\/cqdpcm.ca\/tool\/code-dethique\/\" target=\"_blank\" rel=\"noreferrer noopener\">Code d\u2019\u00e9thique<\/a>&nbsp;qui r\u00e9git les relations entre les organismes m\u00e9dicaux et les soci\u00e9t\u00e9s commerciales.<\/li>\n<\/ul>\n<\/li>\n<\/ul>\n\n\n\n<h4 class=\"wp-block-heading\"><strong>CERT+&nbsp;: un syst\u00e8me de certification en ligne<\/strong><\/h4>\n\n\n<div class=\"wp-block-image\">\n<figure class=\"aligncenter size-large\"><a href=\"https:\/\/www.certplus.cfpc.ca\/login.aspx\" target=\"_blank\" rel=\"noopener noreferrer\"><img loading=\"lazy\" decoding=\"async\" width=\"300\" height=\"169\" src=\"http:\/\/cqmf.qc.ca\/wp-content\/uploads\/2020\/02\/CERT-e1589645727281.png\" alt=\"CERT+\" class=\"wp-image-363\"\/><\/a><\/figure><\/div>\n\n\n<p><a href=\"https:\/\/cfpc.my.site.com\/certplus\/s\/login\/\" data-type=\"link\" data-id=\"https:\/\/cfpc.my.site.com\/certplus\/s\/login\/\" target=\"_blank\" rel=\"noreferrer noopener\">CERT+<\/a> est le syst\u00e8me en ligne du CMFC pour obtenir la&nbsp;certification Mainpro+. CERT+ permet aux fournisseurs d\u2019activit\u00e9s de&nbsp;d\u00e9veloppement professionnel continu de&nbsp;remplir la demande en ligne, de t\u00e9l\u00e9charger les documents justificatifs et de verser le paiement en quelques clics.<\/p>\n\n\n\n<p>Communiquez avec l\u2019\u00e9quipe de DPC du CQMF au 450 973-2228 \/ 1 800 481-5962 ou \u00e0 <a href=\"mailto:dpc@cqmf.qc.ca\">dpc@cqmf.qc.ca<\/a> ou avec l&rsquo;\u00e9quipe de soutien en certification du CMFC \u00e0 <a href=\"mailto:mainprocredits@cfpc.ca\">certplus@cfpc.ca<\/a>.<\/p>\n<\/div><\/details><\/div>\n\n\n\n<div class=\"wp-block-coblocks-accordion-item\"><details><summary class=\"wp-block-coblocks-accordion-item__title\">Activit\u00e9s de DPC<\/summary><div class=\"wp-block-coblocks-accordion-item__content\">\n<p><a href=\"https:\/\/www.cqmf.qc.ca\/2023\/09\/03\/nos-outils-de-formation-certifies\/\" target=\"_blank\" rel=\"noreferrer noopener\">Activit\u00e9s d\u2019\u00e9valuation certifi\u00e9es<\/a> (exigences d\u2019AEEP du CMQ)<\/p>\n\n\n\n<p><a href=\"https:\/\/www.cfpc.ca\/fr\/education-et-developpement-professionnel\/activites-a-venir\" target=\"_blank\" rel=\"noreferrer noopener\">R\u00e9pertoire des activit\u00e9s de DPC certifi\u00e9es Mainpro+ \u00e0 venir<\/a><\/p>\n\n\n\n<p><a href=\"https:\/\/www.cqmf.qc.ca\/2023\/09\/01\/webinaires-et-balados\/\" target=\"_blank\" rel=\"noreferrer noopener\">Activit\u00e9s de DPC en ligne<\/a> \u2013 \u00e0 port\u00e9e de main et r\u00e9pondant \u00e0 vos besoins<\/p>\n<\/div><\/details><\/div>\n<\/div>\n","protected":false},"excerpt":{"rendered":"<p>Les m\u00e9decins de famille doivent \u00eatre au fait des derni\u00e8res perc\u00e9es en m\u00e9decine et dans le domaine de la prestation des soins de sant\u00e9. Pour y parvenir, toute une gamme d\u2019activit\u00e9s de&nbsp;d\u00e9veloppement professionnel continu&nbsp;(DPC) s\u2019est d\u00e9velopp\u00e9e. Le programme Mainpro+ (Maintien [&hellip;]<\/p>\n","protected":false},"author":1,"featured_media":0,"parent":28,"menu_order":0,"comment_status":"closed","ping_status":"closed","template":"","meta":{"_acf_changed":false,"_coblocks_attr":"","_coblocks_dimensions":"","_coblocks_responsive_height":"","_coblocks_accordion_ie_support":"","footnotes":""},"class_list":["post-55","page","type-page","status-publish","hentry"],"acf":[],"_links":{"self":[{"href":"https:\/\/cqmfdev.cright.org\/index.php?rest_route=\/wp\/v2\/pages\/55","targetHints":{"allow":["GET"]}}],"collection":[{"href":"https:\/\/cqmfdev.cright.org\/index.php?rest_route=\/wp\/v2\/pages"}],"about":[{"href":"https:\/\/cqmfdev.cright.org\/index.php?rest_route=\/wp\/v2\/types\/page"}],"author":[{"embeddable":true,"href":"https:\/\/cqmfdev.cright.org\/index.php?rest_route=\/wp\/v2\/users\/1"}],"replies":[{"embeddable":true,"href":"https:\/\/cqmfdev.cright.org\/index.php?rest_route=%2Fwp%2Fv2%2Fcomments&post=55"}],"version-history":[{"count":61,"href":"https:\/\/cqmfdev.cright.org\/index.php?rest_route=\/wp\/v2\/pages\/55\/revisions"}],"predecessor-version":[{"id":7815,"href":"https:\/\/cqmfdev.cright.org\/index.php?rest_route=\/wp\/v2\/pages\/55\/revisions\/7815"}],"up":[{"embeddable":true,"href":"https:\/\/cqmfdev.cright.org\/index.php?rest_route=\/wp\/v2\/pages\/28"}],"wp:attachment":[{"href":"https:\/\/cqmfdev.cright.org\/index.php?rest_route=%2Fwp%2Fv2%2Fmedia&parent=55"}],"curies":[{"name":"wp","href":"https:\/\/api.w.org\/{rel}","templated":true}]}}