{"id":556,"date":"2020-02-21T00:19:31","date_gmt":"2020-02-21T00:19:31","guid":{"rendered":"http:\/\/cqmf.synchronicitycommunication.com\/?page_id=556"},"modified":"2025-06-18T17:07:30","modified_gmt":"2025-06-18T22:07:30","slug":"qui-nous-sommes","status":"publish","type":"page","link":"https:\/\/cqmfdev.cright.org\/?page_id=556","title":{"rendered":"Qui nous sommes"},"content":{"rendered":"\n<h3 class=\"wp-block-heading\"><mark style=\"background-color:rgba(0, 0, 0, 0);color:#70cdc7\" class=\"has-inline-color\">Vos administratrices et administrateurs, de gauche \u00e0 droite&nbsp;:  <\/mark><\/h3>\n\n\n\n<div class=\"wp-block-group\"><div class=\"wp-block-group__inner-container is-layout-flow wp-block-group-is-layout-flow\">\n<div class=\"wp-block-group is-vertical is-layout-flex wp-container-core-group-is-layout-1 wp-block-group-is-layout-flex\">\n<p>Dre Caroline Mercier, administratrice<\/p>\n\n\n\n<p>Dre Anne-Fr\u00e9d\u00e9rick McKenzie, administratrice<\/p>\n\n\n\n<p>Dre \u00c9lise Boulanger, pr\u00e9sidente d\u00e9sign\u00e9e<\/p>\n\n\n\n<p>Dre Joanie Rinfret, administratrice<\/p>\n\n\n\n<p>Dre Genevi\u00e8ve Bois, pr\u00e9sidente<\/p>\n\n\n\n<p>Dr Nebojsa Kovacina, administrateur<\/p>\n\n\n\n<p>Dr Frantz-Daniel LaFortune, administrateur<\/p>\n\n\n\n<p>Mme Nicole Cloutier, directrice g\u00e9n\u00e9rale, responsable de la protection des renseignements personnels<\/p>\n\n\n\n<p>Dre Anne-Sophie Thommeret-Carri\u00e8re, administratrice<\/p>\n\n\n\n<p>Dr Martin Lemieux, tr\u00e9sorier<\/p>\n\n\n\n<div style=\"height:0px\" aria-hidden=\"true\" class=\"wp-block-spacer wp-container-content-1\"><\/div>\n<\/div>\n<\/div><\/div>\n\n\n\n<p>Notre mission est d\u2019inspirer et de soutenir les m\u00e9decins de famille et leurs partenaires dans l\u2019adoption de meilleures pratiques au b\u00e9n\u00e9fice de la sant\u00e9 de la population. Concr\u00e8tement, le Coll\u00e8ge qu\u00e9b\u00e9cois des m\u00e9decins de famille (CQMF) soutient ses membres en leur proposant des services ainsi que des outils cliniques et de formation pertinents et adapt\u00e9s \u00e0 la premi\u00e8re ligne.<\/p>\n\n\n\n<p>Nous jouons un r\u00f4le d\u2019influenceur aupr\u00e8s des d\u00e9cideuses et d\u00e9cideurs du syst\u00e8me de sant\u00e9 pour la reconnaissance de l\u2019expertise, de la valeur et de la contribution des m\u00e9decins de famille au sein du syst\u00e8me de sant\u00e9. En effet, le CQMF int\u00e8gre ses actions \u00e0 celles de ses partenaires en appui \u00e0 l\u2019interprofessionnalisme et participe \u00e0 la d\u00e9fense des causes sociales et environnementales pour le plus grand bien de nos communaut\u00e9s. Nous stimulons l\u2019identit\u00e9 professionnelle aupr\u00e8s de la rel\u00e8ve et la soutenons avec des programmes et services qui lui sont sp\u00e9cifiquement d\u00e9di\u00e9s.<\/p>\n\n\n\n<p>Nous sommes l\u2019aile qu\u00e9b\u00e9coise \u2013 une des 10 sections \u2013 du Coll\u00e8ge des m\u00e9decins de famille du Canada (CMFC). Nous regroupons au-del\u00e0 de 4&nbsp;500 membres, m\u00e9decins de famille, r\u00e9sidentes et r\u00e9sidents en m\u00e9decine de famille, \u00e9tudiantes et \u00e9tudiants en m\u00e9decine. Nos activit\u00e9s sont assur\u00e9es par des m\u00e9decins de famille b\u00e9n\u00e9voles et engag\u00e9s envers la profession et la collectivit\u00e9.<\/p>\n\n\n\n<h3 class=\"wp-block-heading\"><mark style=\"background-color:rgba(0, 0, 0, 0);color:#70cdc7\" class=\"has-inline-color\">Vision<\/mark><\/h3>\n\n\n\n<p>M\u00e9decin de famille, chef de file de l\u2019\u00e9volution des services de premi\u00e8re ligne pour une communaut\u00e9 en sant\u00e9<\/p>\n\n\n\n<h3 class=\"wp-block-heading\"><mark style=\"background-color:rgba(0, 0, 0, 0);color:#70cdc7\" class=\"has-inline-color\">Mission<\/mark><\/h3>\n\n\n\n<p>Inspirer et soutenir les m\u00e9decins de famille et leurs partenaires dans l\u2019adoption de meilleures pratiques au b\u00e9n\u00e9fice de la sant\u00e9 de la population<\/p>\n\n\n\n<h3 class=\"wp-block-heading\"><mark style=\"background-color:rgba(0, 0, 0, 0);color:#70cdc7\" class=\"has-inline-color\">Valeurs<\/mark><\/h3>\n\n\n\n<p>Excellence, int\u00e9grit\u00e9, respect, collaboration, engagement, inclusion<\/p>\n\n\n\n<h3 class=\"wp-block-heading\"><mark style=\"background-color:rgba(0, 0, 0, 0);color:#70cdc7\" class=\"has-inline-color\">Devise<\/mark><\/h3>\n\n\n\n<p>D\u00e9velopper, valoriser et promouvoir l\u2019excellence de la m\u00e9decine de famille au Qu\u00e9bec<\/p>\n\n\n\n<div class=\"wp-block-coblocks-accordion\">\n<div class=\"wp-block-coblocks-accordion-item\"><\/div>\n<\/div>\n\n\n\n<p style=\"font-size:24px\"><mark style=\"background-color:rgba(0, 0, 0, 0);color:#70cdc7\" class=\"has-inline-color\"><strong>Plan strat\u00e9gique<\/strong><\/mark><\/p>\n\n\n\n<figure class=\"wp-block-image size-full\"><a href=\"https:\/\/www.cqmf.qc.ca\/wp-content\/uploads\/2023\/02\/CQMF-Plan-strate\u0301gique-2023-2026-horizontal.pdf\"><img loading=\"lazy\" decoding=\"async\" width=\"1008\" height=\"612\" src=\"https:\/\/www.cqmf.qc.ca\/wp-content\/uploads\/2023\/02\/CQMF-Plan-strate\u0301gique-2023-2026-horizontal.jpg\" alt=\"\" class=\"wp-image-5635\" srcset=\"https:\/\/cqmfdev.cright.org\/wp-content\/uploads\/2023\/02\/CQMF-Plan-strate\u0301gique-2023-2026-horizontal.jpg 1008w, https:\/\/cqmfdev.cright.org\/wp-content\/uploads\/2023\/02\/CQMF-Plan-strate\u0301gique-2023-2026-horizontal-300x182.jpg 300w, https:\/\/cqmfdev.cright.org\/wp-content\/uploads\/2023\/02\/CQMF-Plan-strate\u0301gique-2023-2026-horizontal-768x466.jpg 768w\" sizes=\"auto, (max-width: 1008px) 100vw, 1008px\" \/><\/a><\/figure>\n","protected":false},"excerpt":{"rendered":"<p>Vos administratrices et administrateurs, de gauche \u00e0 droite&nbsp;: Dre Caroline Mercier, administratrice Dre Anne-Fr\u00e9d\u00e9rick McKenzie, administratrice Dre \u00c9lise Boulanger, pr\u00e9sidente d\u00e9sign\u00e9e Dre Joanie Rinfret, administratrice Dre Genevi\u00e8ve Bois, pr\u00e9sidente Dr Nebojsa Kovacina, administrateur Dr Frantz-Daniel LaFortune, administrateur Mme Nicole Cloutier, [&hellip;]<\/p>\n","protected":false},"author":3,"featured_media":0,"parent":22,"menu_order":0,"comment_status":"closed","ping_status":"closed","template":"","meta":{"_acf_changed":false,"_coblocks_attr":"","_coblocks_dimensions":"","_coblocks_responsive_height":"","_coblocks_accordion_ie_support":"","footnotes":""},"class_list":["post-556","page","type-page","status-publish","hentry"],"acf":[],"_links":{"self":[{"href":"https:\/\/cqmfdev.cright.org\/index.php?rest_route=\/wp\/v2\/pages\/556","targetHints":{"allow":["GET"]}}],"collection":[{"href":"https:\/\/cqmfdev.cright.org\/index.php?rest_route=\/wp\/v2\/pages"}],"about":[{"href":"https:\/\/cqmfdev.cright.org\/index.php?rest_route=\/wp\/v2\/types\/page"}],"author":[{"embeddable":true,"href":"https:\/\/cqmfdev.cright.org\/index.php?rest_route=\/wp\/v2\/users\/3"}],"replies":[{"embeddable":true,"href":"https:\/\/cqmfdev.cright.org\/index.php?rest_route=%2Fwp%2Fv2%2Fcomments&post=556"}],"version-history":[{"count":36,"href":"https:\/\/cqmfdev.cright.org\/index.php?rest_route=\/wp\/v2\/pages\/556\/revisions"}],"predecessor-version":[{"id":8090,"href":"https:\/\/cqmfdev.cright.org\/index.php?rest_route=\/wp\/v2\/pages\/556\/revisions\/8090"}],"up":[{"embeddable":true,"href":"https:\/\/cqmfdev.cright.org\/index.php?rest_route=\/wp\/v2\/pages\/22"}],"wp:attachment":[{"href":"https:\/\/cqmfdev.cright.org\/index.php?rest_route=%2Fwp%2Fv2%2Fmedia&parent=556"}],"curies":[{"name":"wp","href":"https:\/\/api.w.org\/{rel}","templated":true}]}}