{"id":63,"date":"2019-10-16T14:11:13","date_gmt":"2019-10-16T14:11:13","guid":{"rendered":"http:\/\/cqmf.synchronicitycommunication.com\/?page_id=63"},"modified":"2024-04-18T13:59:32","modified_gmt":"2024-04-18T18:59:32","slug":"leadership-en-medecine-de-famille","status":"publish","type":"page","link":"https:\/\/cqmfdev.cright.org\/?page_id=63","title":{"rendered":"Leadership en m\u00e9decine de famille"},"content":{"rendered":"\n<figure class=\"wp-block-image size-large\"><img loading=\"lazy\" decoding=\"async\" width=\"1000\" height=\"205\" src=\"http:\/\/cqmf.qc.ca\/wp-content\/uploads\/2020\/03\/Image-Leadership-Innovation.jpg\" alt=\"\" class=\"wp-image-636\" srcset=\"https:\/\/cqmfdev.cright.org\/wp-content\/uploads\/2020\/03\/Image-Leadership-Innovation.jpg 1000w, https:\/\/cqmfdev.cright.org\/wp-content\/uploads\/2020\/03\/Image-Leadership-Innovation-300x62.jpg 300w, https:\/\/cqmfdev.cright.org\/wp-content\/uploads\/2020\/03\/Image-Leadership-Innovation-768x157.jpg 768w\" sizes=\"auto, (max-width: 1000px) 100vw, 1000px\" \/><\/figure>\n\n\n\n<div class=\"wp-block-coblocks-accordion\">\n<div class=\"wp-block-coblocks-accordion-item\"><\/div>\n<\/div>\n\n\n\n<p>Catalyser l\u2019innovation en premi\u00e8re ligne, c\u2019est la signature du CQMF. Nous soutenons les initiatives qui participent \u00e0 am\u00e9liorer la pratique des m\u00e9decins de famille, pour le plus grand bien des patientes et patients. <p class=\"cqmf-sm-show\">&nbsp>>> <\/p><div class=\"cqmf-sm-content cqmf-sm-content-hide\">C\u2019est une question d\u2019engagement. Avec notre <a href=\"http:\/\/cqmf.qc.ca\/2020\/02\/08\/symposium-sur-les-innovations\/\">Symposium sur les innovations<\/a>, nous brisons les silos en favorisant l\u2019interaction entre acteurs cl\u00e9s. Nous facilitons ainsi l\u2019implantation et le d\u00e9ploiement de solutions concr\u00e8tes aux enjeux actuels. En collaboration avec l\u2019INESSS, nous avons \u00e9valu\u00e9 de fa\u00e7on structur\u00e9e les innovations pr\u00e9sent\u00e9es au Symposium sur les innovations de 2019, la deuxi\u00e8me \u00e9dition de l&rsquo;\u00e9v\u00e9nement. Et, afin de permettre la progression vers la prochaine \u00e9tape de maturation d&rsquo;innovations, une toute nouvelle activit\u00e9 a vu le jour, soit <em>La table des facilitateurs-dragons<\/em>. <br><br>Nous avons d\u00e9couvert, hors Qu\u00e9bec, le projet Champlain BASE<sup>MD<\/sup> eConsult. En 2017, nous avons lanc\u00e9 une mouture qu\u00e9b\u00e9coise, <a href=\"http:\/\/econsultquebec.ca\/\">eConsult Qu\u00e9bec<\/a>, mise en \u0153uvre gr\u00e2ce \u00e0 une \u00e9quipe de partenaires comp\u00e9tente et d\u00e9di\u00e9e. Implant\u00e9 en Outaouais, Abitibi-T\u00e9miscamingue et Mauricie et Centre-du-Qu\u00e9bec, le projet pilote a fait <a href=\"https:\/\/www.cqmf.qc.ca\/wp-content\/uploads\/2021\/12\/2021.09.28-eConsultQue%CC%81bec-OnePager-FORMAT-IMPRESSION.pdf\">ses preuves<\/a>. Il r\u00e9duit le temps d\u2019attente des patientes et patients pour obtenir l\u2019avis d\u2019un m\u00e9decin sp\u00e9cialiste. Le minist\u00e8re de la Sant\u00e9 et des Services sociaux d\u00e9ploie actuellement ce service \u00e0 l\u2019\u00e9chelle du Qu\u00e9bec. C&rsquo;est pourquoi vous pouvez acc\u00e9der \u00e0 ce qu&rsquo;il est devenu aujourd&rsquo;hui : le <a rel=\"noreferrer noopener\" href=\"https:\/\/www.msss.gouv.qc.ca\/professionnels\/soins-et-services\/conseil-numerique\" target=\"_blank\">conseil num\u00e9rique<\/a>.<p class=\"cqmf-sm-hide\">&nbsp<<< <\/p><\/div><\/p>\n\n\n\n<figure class=\"wp-block-image size-large\"><img loading=\"lazy\" decoding=\"async\" width=\"1000\" height=\"205\" src=\"http:\/\/cqmf.qc.ca\/wp-content\/uploads\/2020\/03\/Image-Leadership-MeilleursPratiques.jpg\" alt=\"\" class=\"wp-image-637\" srcset=\"https:\/\/cqmfdev.cright.org\/wp-content\/uploads\/2020\/03\/Image-Leadership-MeilleursPratiques.jpg 1000w, https:\/\/cqmfdev.cright.org\/wp-content\/uploads\/2020\/03\/Image-Leadership-MeilleursPratiques-300x62.jpg 300w, https:\/\/cqmfdev.cright.org\/wp-content\/uploads\/2020\/03\/Image-Leadership-MeilleursPratiques-768x157.jpg 768w\" sizes=\"auto, (max-width: 1000px) 100vw, 1000px\" \/><\/figure>\n\n\n\n<p>Dans le monde m\u00e9dical o\u00f9 l\u2019avancement des connaissances est rapide, comment \u00eatre \u00e0 l\u2019aff\u00fbt des nouvelles donn\u00e9es probantes et \u00e9valuer la pertinence des recommandations pour nos client\u00e8les de premi\u00e8re ligne? <p class=\"cqmf-sm-show\">&nbsp>>> <\/p><div class=\"cqmf-sm-content cqmf-sm-content-hide\">Notre \u00e9quipe chevronn\u00e9e en m\u00e9decine factuelle (evidence-based medicine \u2012 EBM) \u00e9value pour vous la qualit\u00e9 des \u00e9vidences et vous offre des outils adapt\u00e9s \u00e0 votre pratique. Apprenez \u00e0 l&rsquo;\u00e9valuer et \u00e0 faire de l\u2019<a href=\"http:\/\/cqmf.qc.ca\/soutien-a-la-pratique\/ressources-pour-la-pratique\/\">am\u00e9lioration continue de la qualit\u00e9<\/a>!<\/p>\n\n\n\n<div style=\"height:20px\" aria-hidden=\"true\" class=\"wp-block-spacer\"><\/div>\n\n\n\n<p>Le CQMF a pris le leadership de la campagne Choisir avec soin au Qu\u00e9bec; ainsi, gr\u00e2ce \u00e0 <a href=\"https:\/\/choisiravecsoinquebec.ca\/\">Choisir avec soin Qu\u00e9bec<\/a>, des travaux ont cours afin d&rsquo;outiller les m\u00e9decins en vue d&rsquo;une utilisation judicieuse des ressources. Leader de la pertinence clinique, le CQMF a lanc\u00e9, le 4 avril 2024, la <a href=\"https:\/\/www.cqmf.qc.ca\/2024\/04\/03\/declaration-de-montreal-sur-les-soins-de-sante-pertinents\/\">D\u00e9claration de Montr\u00e9al sur les soins de sant\u00e9 pertinents<\/a>.<\/p>\n\n\n\n<div style=\"height:20px\" aria-hidden=\"true\" class=\"wp-block-spacer\"><\/div>\n\n\n\n<p>Dans la foul\u00e9e de la pand\u00e9mie de COVID-19, qui a durement touch\u00e9 les centres d&rsquo;h\u00e9bergement et de soins de longue dur\u00e9e (CHSLD), est n\u00e9e la <a rel=\"noreferrer noopener\" href=\"https:\/\/cpmchsld.ca\/\" target=\"_blank\">communaut\u00e9 de pratique des m\u00e9decins en CHSLD (CPMC)<\/a>. Sa mission consiste \u00e0 partager, soutenir et diffuser les meilleures pratiques en soins de longe dur\u00e9e, afin d&rsquo;am\u00e9liorer les soins et les services en centre d&rsquo;h\u00e9bergement.<p class=\"cqmf-sm-hide\">&nbsp<<< <\/p><\/div><\/p>\n\n\n\n<figure class=\"wp-block-image size-large\"><img loading=\"lazy\" decoding=\"async\" width=\"1000\" height=\"205\" src=\"http:\/\/cqmf.qc.ca\/wp-content\/uploads\/2020\/03\/Image-Leadership-Releve.jpg\" alt=\"\" class=\"wp-image-639\" srcset=\"https:\/\/cqmfdev.cright.org\/wp-content\/uploads\/2020\/03\/Image-Leadership-Releve.jpg 1000w, https:\/\/cqmfdev.cright.org\/wp-content\/uploads\/2020\/03\/Image-Leadership-Releve-300x62.jpg 300w, https:\/\/cqmfdev.cright.org\/wp-content\/uploads\/2020\/03\/Image-Leadership-Releve-768x157.jpg 768w\" sizes=\"auto, (max-width: 1000px) 100vw, 1000px\" \/><\/figure>\n\n\n\n<p>Nos leaders de demain auront une influence sur la prestation des soins aux patientes et patients dans nos collectivit\u00e9s. Elles et ils participeront aux transformations du syst\u00e8me de sant\u00e9. <p class=\"cqmf-sm-show\">&nbsp>>> <\/p><div class=\"cqmf-sm-content cqmf-sm-content-hide\">Nous sommes fiers de contribuer \u00e0 leur \u00e9mergence en leur offrant divers moyens de grandir en assurance, de socialiser, se d\u00e9velopper et s\u2019affirmer, notamment gr\u00e2ce \u00e0 notre <a href=\"https:\/\/www.cqmf.qc.ca\/soutien-a-la-pratique\/mentorat\/\">programme de mentorat<\/a>. De m\u00eame, notre <a href=\"https:\/\/www.cqmf.qc.ca\/2023\/12\/11\/la-zone-cqmf-un-outil-concret-pour-soutenir-la-releve-en-medein\/\">zone CQMF<\/a> leur offre un espace priv\u00e9 virtuel de mentorat Web qui met en relation personnes mentor\u00e9es et mentores selon les besoins exprim\u00e9s.<\/p>\n\n\n\n<div style=\"height:20px\" aria-hidden=\"true\" class=\"wp-block-spacer\"><\/div>\n\n\n\n<p>Nos \u00e9tudiantes et \u00e9tudiants, r\u00e9sidentes et r\u00e9sidents, nos m\u00e9decins dans leurs cinq (5) premi\u00e8res ann\u00e9es de pratique en m\u00e9decine de famille sont chez eux, dans leur famille professionnelle, au CQMF. <a href=\"\/releve\/activites-et-evenements\/\">Nos activit\u00e9s qui leur sont d\u00e9di\u00e9es<\/a> sont autant d\u2019occasions de trouver soutien, accompagnement et ressources.<p class=\"cqmf-sm-hide\">&nbsp<<< <\/p><\/div><\/p>\n\n\n\n<figure class=\"wp-block-image size-large\"><img loading=\"lazy\" decoding=\"async\" width=\"1000\" height=\"205\" src=\"http:\/\/cqmf.qc.ca\/wp-content\/uploads\/2020\/03\/Image-Leadership-OrganisationDesSoins.jpg\" alt=\"\" class=\"wp-image-640\" srcset=\"https:\/\/cqmfdev.cright.org\/wp-content\/uploads\/2020\/03\/Image-Leadership-OrganisationDesSoins.jpg 1000w, https:\/\/cqmfdev.cright.org\/wp-content\/uploads\/2020\/03\/Image-Leadership-OrganisationDesSoins-300x62.jpg 300w, https:\/\/cqmfdev.cright.org\/wp-content\/uploads\/2020\/03\/Image-Leadership-OrganisationDesSoins-768x157.jpg 768w\" sizes=\"auto, (max-width: 1000px) 100vw, 1000px\" \/><\/figure>\n\n\n\n<p>Un syst\u00e8me de sant\u00e9 dot\u00e9 d\u2019une premi\u00e8re ligne solide est plus efficace, obtient de meilleurs r\u00e9sultats en plus d\u2019offrir une qualit\u00e9 de soins sup\u00e9rieure. <p class=\"cqmf-sm-show\">&nbsp>>> <\/p><div class=\"cqmf-sm-content cqmf-sm-content-hide\">Notre vision du <a href=\"https:\/\/patientsmedicalhome.ca\/files\/uploads\/PMH_VISION2019_FRE.pdf\">Centre de m\u00e9decine de famille (CMF)<\/a> influence, depuis plus d&rsquo;une d\u00e9cennie, plusieurs r\u00e9formes tant au Qu\u00e9bec que partout ailleurs au Canada. Ce milieu de pratique exemplaire de la prestation et de la coordination des soins et des services de sant\u00e9 en temps opportun, offerts en partenariat avec la patiente ou le patient et sa famille, oriente l\u2019avenir de la pratique de la m\u00e9decine de famille.<\/p>\n\n\n\n<div style=\"height:20px\" aria-hidden=\"true\" class=\"wp-block-spacer\"><\/div>\n\n\n\n<p>Cette vision que nous portons, <a href=\"https:\/\/www.cqmf.qc.ca\/wp-content\/uploads\/2022\/02\/2022.02.03-Me%CC%81moire-du-CQMF-CSSS-PL-11.pdf\">nous l&rsquo;avons plaid\u00e9e<\/a> devant la Commission de la sant\u00e9 et des services sociaux dans le cadre des consultations particuli\u00e8res sur le projet de loi no 11 \u2012 Loi visant \u00e0 augmenter l\u2019offre de services de premi\u00e8re ligne par les m\u00e9decins omnipraticiens et \u00e0 am\u00e9liorer la gestion de cette offre. <p class=\"cqmf-sm-hide\">&nbsp<<< <\/p><\/div><\/p>\n\n\n\n<figure class=\"wp-block-image size-large\"><img loading=\"lazy\" decoding=\"async\" width=\"1000\" height=\"205\" src=\"http:\/\/cqmf.qc.ca\/wp-content\/uploads\/2020\/03\/Image-Leadership-CausesSociales.jpg\" alt=\"\" class=\"wp-image-641\" srcset=\"https:\/\/cqmfdev.cright.org\/wp-content\/uploads\/2020\/03\/Image-Leadership-CausesSociales.jpg 1000w, https:\/\/cqmfdev.cright.org\/wp-content\/uploads\/2020\/03\/Image-Leadership-CausesSociales-300x62.jpg 300w, https:\/\/cqmfdev.cright.org\/wp-content\/uploads\/2020\/03\/Image-Leadership-CausesSociales-768x157.jpg 768w\" sizes=\"auto, (max-width: 1000px) 100vw, 1000px\" \/><\/figure>\n\n\n\n<p>L\u2019environnement constitue une pr\u00e9occupation pour plusieurs m\u00e9decins de famille qui cherchent \u00e0 se mobiliser, mais sans trop savoir comment faire! <p class=\"cqmf-sm-show\">&nbsp>>> <\/p><div class=\"cqmf-sm-content cqmf-sm-content-hide\">Nous sommes des acteurs de choix pour contribuer \u00e0 l\u2019\u00e9ducation, \u00e0 la mobilisation et \u00e0 la transformation de nos communaut\u00e9s et prendre le virage qui m\u00e8nera vers un syst\u00e8me durable. Le groupe de travail sur les causes sociales et environnementales fournit des <a href=\"https:\/\/www.cqmf.qc.ca\/soutien-a-la-pratique\/ressources-pour-la-pratique\/\">outils concrets<\/a> pour s\u2019impliquer dans la transformation de notre soci\u00e9t\u00e9.<\/p>\n\n\n\n<div style=\"height:17px\" aria-hidden=\"true\" class=\"wp-block-spacer\"><\/div>\n\n\n\n<p>En mati\u00e8re de racisme syst\u00e9mique, le CQMF a amorc\u00e9, avec son forum des leaders, une r\u00e9flexion sous le th\u00e8me <em><a href=\"https:\/\/www.cqmf.qc.ca\/2021\/06\/20\/le-racisme-point-de-depart-dun-dialogue\/\">Le racisme: point de d\u00e9part d&rsquo;un dialogue<\/a><\/em>. Il l&rsquo;a poursuivie avec&nbsp;<a rel=\"noreferrer noopener\" href=\"https:\/\/www.cqmf.qc.ca\/2021\/11\/26\/le-racisme-systemique-mieux-comprendre-le-passe-et-le-present-de-nos-institutions-afin-de-demanteler-les-barrieres-structurelles-a-lequite\/\" target=\"_blank\"><em>Le racisme syst\u00e9mique: mieux comprendre le pass\u00e9 et le pr\u00e9sent de nos institutions afin de d\u00e9manteler les barri\u00e8res structurelles \u00e0 l\u2019\u00e9quit\u00e9<\/em><\/a>, et cela, dans le but de mieux conna\u00eetre et comprendre l&rsquo;histoire de nos institutions \u00e0 cet \u00e9gard afin d&rsquo;\u00eatre outill\u00e9s pour passer \u00e0 l&rsquo;action, en mode inclusif!<p class=\"cqmf-sm-hide\">&nbsp<<< <\/p><\/div><\/p>\n\n\n\n<p><\/p>\n\n\n\n<figure class=\"wp-block-image size-large\"><img loading=\"lazy\" decoding=\"async\" width=\"1000\" height=\"205\" src=\"http:\/\/cqmf.qc.ca\/wp-content\/uploads\/2020\/03\/Image-Leadership-Valorisation.jpg\" alt=\"\" class=\"wp-image-642\" srcset=\"https:\/\/cqmfdev.cright.org\/wp-content\/uploads\/2020\/03\/Image-Leadership-Valorisation.jpg 1000w, https:\/\/cqmfdev.cright.org\/wp-content\/uploads\/2020\/03\/Image-Leadership-Valorisation-300x62.jpg 300w, https:\/\/cqmfdev.cright.org\/wp-content\/uploads\/2020\/03\/Image-Leadership-Valorisation-768x157.jpg 768w\" sizes=\"auto, (max-width: 1000px) 100vw, 1000px\" \/><\/figure>\n\n\n\n<p>Le CQMF participe aux travaux de la <a href=\"https:\/\/www.cqmf.qc.ca\/wp-content\/uploads\/2023\/12\/Table-Valorisation_final.pdf\">Table nationale de concertation sur la valorisation de la m\u00e9decine de famille<\/a>, \u00e0 titre de partie prenante essentielle.<p class=\"cqmf-sm-show\">&nbsp>>> <\/p><div class=\"cqmf-sm-content cqmf-sm-content-hide\"><\/p>\n\n\n\n<div style=\"height:15px\" aria-hidden=\"true\" class=\"wp-block-spacer\"><\/div>\n\n\n\n<p>Aussi, chaque ann\u00e9e, le CQMF organise des moments rassembleurs o\u00f9 leaders d\u2019opinion et d\u2019influence se r\u00e9unissent, r\u00e9fl\u00e9chissent et proposent des fa\u00e7ons de faire avancer la m\u00e9decine de famille. \u00c7a vous interpelle? C\u2019est aussi \u00e7a le CQMF en action! Des <a href=\"http:\/\/cqmf.qc.ca\/wp-content\/uploads\/2020\/01\/PDF-4-Valorisation-Messages-cle%CC%81s.pdf\">messages cl\u00e9s<\/a> peuvent \u00e9merger de ces rendez-vous inspirants et f\u00e9d\u00e9rateurs. Nous sommes de plus partie prenante des grands travaux nationaux du Coll\u00e8ge des m\u00e9decins de famille du Canada (CMFC) tels ceux qui ont men\u00e9 \u00e0 l\u2019\u00e9nonc\u00e9 de position sur le <a href=\"https:\/\/www.cfpc.ca\/CFPC\/media\/Ressources\/%c3%89ducation\/FM-Professional-Profile-FR.pdf\">Profil professionnel en m\u00e9decine de famille<\/a> et \u00e0 la mise \u00e0 jour du <a href=\"https:\/\/patientsmedicalhome.ca\/fr\/\">Centre de m\u00e9decine de famille (CMF)<\/a>.<p class=\"cqmf-sm-hide\">&nbsp<<< <\/p><\/div><\/p>\n\n\n\n<p><\/p>\n","protected":false},"excerpt":{"rendered":"<p>Catalyser l\u2019innovation en premi\u00e8re ligne, c\u2019est la signature du CQMF. Nous soutenons les initiatives qui participent \u00e0 am\u00e9liorer la pratique des m\u00e9decins de famille, pour le plus grand bien des patientes et patients. Dans le monde m\u00e9dical o\u00f9 l\u2019avancement des [&hellip;]<\/p>\n","protected":false},"author":3,"featured_media":0,"parent":24,"menu_order":2,"comment_status":"closed","ping_status":"closed","template":"","meta":{"_acf_changed":false,"_coblocks_attr":"","_coblocks_dimensions":"","_coblocks_responsive_height":"","_coblocks_accordion_ie_support":"","footnotes":""},"class_list":["post-63","page","type-page","status-publish","hentry"],"acf":[],"_links":{"self":[{"href":"https:\/\/cqmfdev.cright.org\/index.php?rest_route=\/wp\/v2\/pages\/63","targetHints":{"allow":["GET"]}}],"collection":[{"href":"https:\/\/cqmfdev.cright.org\/index.php?rest_route=\/wp\/v2\/pages"}],"about":[{"href":"https:\/\/cqmfdev.cright.org\/index.php?rest_route=\/wp\/v2\/types\/page"}],"author":[{"embeddable":true,"href":"https:\/\/cqmfdev.cright.org\/index.php?rest_route=\/wp\/v2\/users\/3"}],"replies":[{"embeddable":true,"href":"https:\/\/cqmfdev.cright.org\/index.php?rest_route=%2Fwp%2Fv2%2Fcomments&post=63"}],"version-history":[{"count":79,"href":"https:\/\/cqmfdev.cright.org\/index.php?rest_route=\/wp\/v2\/pages\/63\/revisions"}],"predecessor-version":[{"id":6927,"href":"https:\/\/cqmfdev.cright.org\/index.php?rest_route=\/wp\/v2\/pages\/63\/revisions\/6927"}],"up":[{"embeddable":true,"href":"https:\/\/cqmfdev.cright.org\/index.php?rest_route=\/wp\/v2\/pages\/24"}],"wp:attachment":[{"href":"https:\/\/cqmfdev.cright.org\/index.php?rest_route=%2Fwp%2Fv2%2Fmedia&parent=63"}],"curies":[{"name":"wp","href":"https:\/\/api.w.org\/{rel}","templated":true}]}}