{"id":652,"date":"2020-03-30T21:15:17","date_gmt":"2020-03-31T02:15:17","guid":{"rendered":"http:\/\/cqmf.synchronicitycommunication.com\/?page_id=652"},"modified":"2025-07-22T14:11:38","modified_gmt":"2025-07-22T19:11:38","slug":"adhesion","status":"publish","type":"page","link":"https:\/\/cqmfdev.cright.org\/?page_id=652","title":{"rendered":"Adh\u00e9sion"},"content":{"rendered":"\n<p class=\"has-cqmf-black-color has-text-color has-link-color wp-elements-f1f1bf394643518baaa24570cb341ebf\">Nous sommes des m\u00e9decins de famille engag\u00e9s dans une d\u00e9marche innovante pour des soins de premi\u00e8re ligne de qualit\u00e9 et accessibles \u00e0 nos communaut\u00e9s. \u00catre membre du Coll\u00e8ge des m\u00e9decins de famille du Canada (CMFC), c&rsquo;est devenir membre du Coll\u00e8ge qu\u00e9b\u00e9cois des m\u00e9decins de famille (CQMF), automatiquement (et vice-versa). <span style=\"text-decoration: underline;\"><a href=\"https:\/\/www.cqmf.qc.ca\/wp-content\/uploads\/2025\/07\/CFPC-Fee-Schedule-web-effective-July-1-2025-FR.pdf\" target=\"_blank\" rel=\"noreferrer noopener\">Voir la grille des droits d&rsquo;adh\u00e9sion<\/a><\/span>.<\/p>\n\n\n\n<div class=\"cqmf-adhesion-container\">\n  <a style=\"display:none;\" href=\"https:\/\/www.cfpc.ca\/CFPC\/media\/Resources\/Membership\/Membership-Fee-Schedule-web-effective-July-1-2022-FR.pdf\" target=\"_blank\" rel=\"noopener noreferrer\">\n    <div class=\"cqmf-adhesion-link\">FRAIS D&rsquo;ADH\u00c9SION<\/div>\n  <\/a>\n  <a href=\"https:\/\/portal.cfpc.ca\/CFPC\/AccountCreation\/CreateAccountLanding.aspx?lang=fr\" target=\"_blank\" rel=\"noopener noreferrer\">\n    <div class=\"cqmf-adhesion-link\">RENOUVELLEMENT<\/div>\n  <\/a>\n  <a href=\"https:\/\/cfpc.my.site.com\/s\/login\/?language=fr\" target=\"_blank\" rel=\"noopener noreferrer\">\n    <div class=\"cqmf-adhesion-link\" target=\"_blank\">DEVENIR MEMBRE<\/div>\n  <\/a>\n<\/div>\n\n\n\n<p>\u00catre membre du CQMF, \u00e7a veut dire concr\u00e8tement :<\/p>\n\n\n\n<p>Faire partie d\u2019un vaste r\u00e9seau o\u00f9 nous modelons et incarnons une m\u00e9decine de famille o\u00f9\u00a0<a href=\"https:\/\/www.cqmf.qc.ca\/2021\/06\/20\/le-racisme-point-de-depart-dun-dialogue\/\" target=\"_blank\" rel=\"noreferrer noopener\">chaque personne compte<\/a>\u00a0et o\u00f9 les\u00a0<a href=\"https:\/\/professionsante.ca\/enjeux-environnementaux-et-impacts-sur-la-sante-par-ou-commencer\" target=\"_blank\" rel=\"noreferrer noopener\">enjeux environnementaux<\/a>\u00a0et leurs impacts sur la sant\u00e9 sont abord\u00e9s de front.\u00a0<a href=\"https:\/\/www.cqmf.qc.ca\/wp-content\/uploads\/2022\/02\/2022.02.03-Me%CC%81moire-du-CQMF-CSSS-PL-11.pdf\" target=\"_blank\" rel=\"noreferrer noopener\">Plaider devant les instances<\/a>\u00a0pour des soins accessibles, mais aussi pertinents et de qualit\u00e9 optimale. <a href=\"https:\/\/choisiravecsoinquebec.ca\/\" target=\"_blank\" rel=\"noreferrer noopener\">Choisir avec soin<\/a>\u00a0au Qu\u00e9bec. S\u2019engager\u00a0<a href=\"https:\/\/www.cqmf.qc.ca\/2021\/02\/03\/pour-une-pratique-eclairee\/\" target=\"_blank\" rel=\"noreferrer noopener\">Pour une pratique \u00e9clair\u00e9e<\/a>. Faire na\u00eetre chez nous le\u00a0<a href=\"https:\/\/www.cqmf.qc.ca\/2021\/05\/20\/le-conseil-numerique\/\" target=\"_blank\" rel=\"noreferrer noopener\">conseil num\u00e9rique<\/a>.\u00a0Offrir et s\u2019offrir du\u00a0<a href=\"https:\/\/www.cqmf.qc.ca\/soutien-a-la-pratique\/mentorat\/\" target=\"_blank\" rel=\"noreferrer noopener\">mentorat<\/a>\u00a0sur mesure. \u00catre partie prenante d\u2019une\u00a0<a href=\"https:\/\/cpmchsld.ca\/\" target=\"_blank\" rel=\"noreferrer noopener\">communaut\u00e9 de pratique des m\u00e9decins en CHSLD<\/a>. <\/p>\n\n\n\n<p>Le CQMF :<\/p>\n\n\n\n<ul class=\"wp-block-list\">\n<li>Permet d\u2019adh\u00e9rer \u00e0 un programme de d\u00e9veloppement professionnel continu, Mainpro+<sup>MD<\/sup>, simple, fort et rigoureux en mati\u00e8re de standards \u00e9lev\u00e9s;<\/li>\n\n\n\n<li>D\u00e9veloppe et diffuse des programmes de formation continue et de soutien \u00e0 la pratique qui r\u00e9pondent aux besoins de ses membres;<\/li>\n\n\n\n<li>Milite pour la reconnaissance de la valeur unique de la m\u00e9decine de famille dans le syst\u00e8me de sant\u00e9;<\/li>\n\n\n\n<li>Innove et s\u2019engage dans l\u2019am\u00e9lioration continue des soins prodigu\u00e9s aux patientes et patients pour une communaut\u00e9 en sant\u00e9;<\/li>\n\n\n\n<li>Soutient sa rel\u00e8ve, honore ses membres exceptionnels et travaille \u00e0 l\u2019avancement de la m\u00e9decine de famille;<\/li>\n\n\n\n<li>Offre une tribune nationale pour \u00e9tendre la port\u00e9e des id\u00e9es soutenues par ses membres et leurs pr\u00e9occupations relatives \u00e0 la pratique.<\/li>\n<\/ul>\n\n\n\n<p>Adh\u00e9rer au Coll\u00e8ge des m\u00e9decins de famille du Canada (CMFC) et, par cons\u00e9quent, \u00e0 sa section provinciale, le Coll\u00e8ge qu\u00e9b\u00e9cois des m\u00e9decins de famille (CQMF), c\u2019est \u00eatre partie prenante et r\u00e9seauter avec des m\u00e9decins de famille engag\u00e9s dans une d\u00e9marche innovante et humaine, en qu\u00eate d\u2019excellence et d\u2019accessibilit\u00e9 en mati\u00e8re de soins de premi\u00e8re ligne.<\/p>\n\n\n\n<div class=\"wp-block-coblocks-accordion\">\n<div class=\"wp-block-coblocks-accordion-item\"><\/div>\n<\/div>\n\n\n\n<p class=\"has-text-align-center is-style-info\" style=\"font-size:18px\"><a href=\"https:\/\/www.cfpc.ca\/fr\/member-services\/about-membership\/eligibility\" data-type=\"link\" data-id=\"https:\/\/www.cfpc.ca\/fr\/member-services\/about-membership\/eligibility\" target=\"_blank\" rel=\"noreferrer noopener\">Crit\u00e8res d&rsquo;admissibilit\u00e9<\/a><\/p>\n\n\n\n<div class=\"wp-block-coblocks-accordion\">\n<div class=\"wp-block-coblocks-accordion-item\"><details><summary class=\"wp-block-coblocks-accordion-item__title\">\u00c9tudiantes, \u00e9tudiants<\/summary><div class=\"wp-block-coblocks-accordion-item__content\">\n<p>L\u2019adh\u00e9sion au Coll\u00e8ge pour les \u00e9tudiantes et \u00e9tudiants en m\u00e9decine est sans frais. Pour \u00eatre admissible, vous devez \u00eatre inscrit-e \u00e0 un programme menant au dipl\u00f4me de docteur en m\u00e9decine (M.D.) dans une facult\u00e9 de m\u00e9decine canadienne.<\/p>\n\n\n\n<p>En tant que membres de la classe \u00ab\u00a0apprenantes et apprenants\u00a0\u00bb, les \u00e9tudiantes et \u00e9tudiants en m\u00e9decine b\u00e9n\u00e9ficient gratuitement des avantages suivants :<\/p>\n\n\n\n<ul class=\"wp-block-list\">\n<li>Acc\u00e8s \u00e0 la version num\u00e9rique du <a href=\"https:\/\/www.cfpc.ca\/fr\/member-services\/value-of-membership\/canadian-family-physician\" data-type=\"link\" data-id=\"https:\/\/www.cfpc.ca\/fr\/member-services\/value-of-membership\/canadian-family-physician\" target=\"_blank\" rel=\"noreferrer noopener\">M\u00e9decin de famille canadien (MFC)<\/a>, la seule revue m\u00e9dicale \u00e9valu\u00e9e par les pairs au Canada et consacr\u00e9e exclusivement \u00e0 la m\u00e9decine de famille, ainsi qu&rsquo;au blogue et aux balados associ\u00e9s.<\/li>\n\n\n\n<li>Acc\u00e8s \u00e0 la <a href=\"https:\/\/selflearning.cfpc.ca\/?lang=fr\" data-type=\"link\" data-id=\"https:\/\/selflearning.cfpc.ca\/?lang=fr\" target=\"_blank\" rel=\"noreferrer noopener\">plateforme d&rsquo;autoapprentissage<\/a> du CMFC pour acc\u00e9der \u00e0 des ressources fiables fond\u00e9es sur des preuves scientifiques pour am\u00e9liorer ses connaissances et rester \u00e0 jour des derni\u00e8res avanc\u00e9es m\u00e9dicales.<\/li>\n\n\n\n<li>Tarifs pr\u00e9f\u00e9rentiels pour s&rsquo;inscrire aux diff\u00e9rentes formations nationales et provinciales :\n<ul class=\"wp-block-list\">\n<li>Le <a href=\"https:\/\/fmf.cfpc.ca\/fr\/#\" data-type=\"link\" data-id=\"https:\/\/fmf.cfpc.ca\/fr\/#\" target=\"_blank\" rel=\"noreferrer noopener\">Forum en m\u00e9decine familiale (FMF)<\/a>, la plus importante conf\u00e9rence en m\u00e9decine de famille au Canada;<\/li>\n\n\n\n<li>Les conf\u00e9rences et formations offertes par les sections provinciales du CMFC (comme la formation <em><a href=\"https:\/\/www.cqmf.qc.ca\/2024\/11\/14\/pour-une-pratique-eclairee\/\" data-type=\"link\" data-id=\"https:\/\/www.cqmf.qc.ca\/2024\/11\/14\/pour-une-pratique-eclairee\/\" target=\"_blank\" rel=\"noreferrer noopener\">Pour une pratique \u00e9clair\u00e9e<\/a><\/em> par exemple).<\/li>\n<\/ul>\n<\/li>\n\n\n\n<li>Services et avantages sp\u00e9ciaux offerts aux membres par nos partenaires :\n<ul class=\"wp-block-list\">\n<li>Gestion financi\u00e8re MD Inc. (MD) et la Banque Scotia\u00ae appuient les m\u00e9decins de famille du Canada en tant que partenaires financiers exclusifs du CMFC, en soutenant les programmes des membres et en offrant des solutions bancaires par l&rsquo;entremise du Programme de services bancaires aux m\u00e9decins Soins de sant\u00e9+ de la Banque Scotia et des solutions adapt\u00e9es aux \u00e9tudiantes et \u00e9tudiants en m\u00e9decine.<\/li>\n\n\n\n<li>Meloche Monnex de TD Assurance offre des tarifs pr\u00e9f\u00e9rentiels sur l&rsquo;assurance automobile, habitation, copropri\u00e9t\u00e9 et locataire.<\/li>\n<\/ul>\n<\/li>\n\n\n\n<li>Subventions, prix et bourses par l&rsquo;entremise de la <a href=\"https:\/\/www.cfpc.ca\/fr\/a-propos-du-cmfc\/fondation-pour-lavancement-de-la-medecine-familiale\" data-type=\"link\" data-id=\"https:\/\/www.cfpc.ca\/fr\/a-propos-du-cmfc\/fondation-pour-lavancement-de-la-medecine-familiale\" target=\"_blank\" rel=\"noreferrer noopener\">Fondation pour l&rsquo;avancement de la m\u00e9decine de famille (FAFM)<\/a> du CMFC.<\/li>\n\n\n\n<li>Et bien plus encore!<\/li>\n<\/ul>\n\n\n\n<div class=\"wp-block-buttons is-horizontal is-content-justification-center is-layout-flex wp-container-core-buttons-is-layout-1 wp-block-buttons-is-layout-flex\">\n<div class=\"wp-block-button\"><a class=\"wp-block-button__link wp-element-button\" href=\"https:\/\/portal.cfpc.ca\/CFPC\/AccountCreation\/CreateAccountLanding.aspx\" target=\"_blank\" rel=\"noreferrer noopener\">Devenir membre<\/a><\/div>\n<\/div>\n\n\n\n<p><\/p>\n<\/div><\/details><\/div>\n\n\n\n<div class=\"wp-block-coblocks-accordion-item\"><details><summary class=\"wp-block-coblocks-accordion-item__title\">R\u00e9sidentes, r\u00e9sidents<\/summary><div class=\"wp-block-coblocks-accordion-item__content\">\n<p><strong>Si vous \u00eates r\u00e9sidente ou r\u00e9sident de premi\u00e8re ann\u00e9e<\/strong> <strong>en m\u00e9decine de famille<\/strong> <strong>au Canada<\/strong>, votre directrice ou directeur de programme et le personnel du CMFC effectueront automatiquement votre demande d&rsquo;adh\u00e9sion en ao\u00fbt. <\/p>\n\n\n\n<p>Si vous souhaitez adh\u00e9rer plus rapidement, vous pouvez en faire la demande par vous-m\u00eame en \u00e9crivant \u00e0 <a href=\"mailto:membership@cfpc.ca\" target=\"_blank\" rel=\"noreferrer noopener\">membership@cfpc.ca<\/a>.<\/p>\n\n\n\n<p>En tant que membres de la classe \u00ab&nbsp;apprenantes et apprenants&nbsp;\u00bb, les r\u00e9sidentes et r\u00e9sidents en m\u00e9decine de famille b\u00e9n\u00e9ficient notamment des avantages suivants :<\/p>\n\n\n\n<ul class=\"wp-block-list\">\n<li>Droit de vote \u00e0 l&rsquo;<a href=\"https:\/\/www.cfpc.ca\/fr\/about-us\/annual-meeting-of-members\" data-type=\"link\" data-id=\"https:\/\/www.cfpc.ca\/fr\/about-us\/annual-meeting-of-members\" target=\"_blank\" rel=\"noreferrer noopener\">Assembl\u00e9e annuelle des membres du CMFC<\/a>.<\/li>\n\n\n\n<li>R\u00e9ception de la version papier du\u00a0<a href=\"https:\/\/www.cfpc.ca\/fr\/member-services\/value-of-membership\/canadian-family-physician\" target=\"_blank\" rel=\"noreferrer noopener\">M\u00e9decin de famille canadien (MFC)<\/a>, la seule revue m\u00e9dicale \u00e9valu\u00e9e par les pairs au Canada et consacr\u00e9e exclusivement \u00e0 la m\u00e9decine de famille, ainsi qu\u2019au blogue et aux balados associ\u00e9s.<\/li>\n\n\n\n<li>Acc\u00e8s \u00e0 la <a href=\"https:\/\/www.cfpc.ca\/fr\/education-et-developpement-professionnel\/mainpro\/mainpro-pour-les-membres-residents\" data-type=\"link\" data-id=\"https:\/\/www.cfpc.ca\/fr\/education-et-developpement-professionnel\/mainpro\/mainpro-pour-les-membres-residents\" target=\"_blank\" rel=\"noreferrer noopener\">plateforme Mainpro+<\/a> qui vous permet de rentrer les cr\u00e9dits de formation continue que vous cumulez durant votre r\u00e9sidence et une fois en pratique. \u00c0 noter que vous pouvez reporter jusqu&rsquo;\u00e0 40 cr\u00e9dits obtenus pendant votre r\u00e9sidence dans votre premier cycle Mainpro+ de cinq ans. Autrement dit, si vous participez \u00e0 des activit\u00e9s de formation continue certifi\u00e9es pendant votre r\u00e9sidence, les cr\u00e9dits obtenus pourront \u00eatre comptabilis\u00e9s pour votre premier cycle de cinq ans une fois en exercice.<\/li>\n\n\n\n<li>Acc\u00e8s \u00e0 la&nbsp;<a href=\"https:\/\/selflearning.cfpc.ca\/?lang=fr\" target=\"_blank\" rel=\"noreferrer noopener\">plateforme d\u2019autoapprentissage<\/a>&nbsp;du CMFC pour acc\u00e9der \u00e0 des ressources fiables fond\u00e9es sur des preuves scientifiques pour am\u00e9liorer ses connaissances et rester \u00e0 jour sur les derni\u00e8res avanc\u00e9es m\u00e9dicales.<\/li>\n\n\n\n<li>Tarifs pr\u00e9f\u00e9rentiels pour s\u2019inscrire aux diff\u00e9rentes formations nationales et provinciales :\n<ul class=\"wp-block-list\">\n<li>Le&nbsp;<a href=\"https:\/\/fmf.cfpc.ca\/fr\/#\" target=\"_blank\" rel=\"noreferrer noopener\">Forum en m\u00e9decine familiale (FMF)<\/a>, la plus importante conf\u00e9rence en m\u00e9decine de famille au Canada;<\/li>\n\n\n\n<li>Les conf\u00e9rences et formations offertes par les sections provinciales du CMFC (comme la formation&nbsp;<em><a href=\"https:\/\/www.cqmf.qc.ca\/2024\/11\/14\/pour-une-pratique-eclairee\/\" target=\"_blank\" rel=\"noreferrer noopener\">Pour une pratique \u00e9clair\u00e9e<\/a><\/em>&nbsp;par exemple).<\/li>\n<\/ul>\n<\/li>\n\n\n\n<li>Services et avantages sp\u00e9ciaux offerts aux membres par nos partenaires :\n<ul class=\"wp-block-list\">\n<li>Gestion financi\u00e8re MD Inc. (MD) et la Banque Scotia\u00ae appuient les m\u00e9decins de famille du Canada en tant que partenaires financiers exclusifs du CMFC, en soutenant les programmes des membres et en offrant des solutions bancaires par l\u2019entremise du Programme de services bancaires aux m\u00e9decins Soins de sant\u00e9+ de la Banque Scotia et des solutions adapt\u00e9es aux \u00e9tudiantes et \u00e9tudiants en m\u00e9decine.<\/li>\n\n\n\n<li>Meloche Monnex de TD Assurance offre des tarifs pr\u00e9f\u00e9rentiels sur l\u2019assurance automobile, habitation, copropri\u00e9t\u00e9 et locataire.<\/li>\n<\/ul>\n<\/li>\n\n\n\n<li>Subventions, prix et bourses par l\u2019entremise de la&nbsp;<a href=\"https:\/\/www.cfpc.ca\/fr\/a-propos-du-cmfc\/fondation-pour-lavancement-de-la-medecine-familiale\" target=\"_blank\" rel=\"noreferrer noopener\">Fondation pour l\u2019avancement de la m\u00e9decine de famille (FAFM)<\/a>&nbsp;du CMFC.<\/li>\n\n\n\n<li>Et bien plus encore!<\/li>\n<\/ul>\n<\/div><\/details><\/div>\n\n\n\n<div class=\"wp-block-coblocks-accordion-item\"><details><summary class=\"wp-block-coblocks-accordion-item__title\">M\u00e9decin de famille<\/summary><div class=\"wp-block-coblocks-accordion-item__content\">\n<p>Vous \u00eates une ou un m\u00e9decin qui d\u00e9tenez un permis d\u2019exercice en r\u00e8gle et qui pratiquez la m\u00e9decine de famille? Les frais d\u2019adh\u00e9sion sont diminu\u00e9s de 50 % pour la premi\u00e8re ann\u00e9e.<\/p>\n\n\n\n<div class=\"wp-block-buttons is-horizontal is-content-justification-center is-layout-flex wp-container-core-buttons-is-layout-2 wp-block-buttons-is-layout-flex\">\n<div class=\"wp-block-button\"><a class=\"wp-block-button__link wp-element-button\" href=\"https:\/\/www.cfpc.ca\/demandedadhesion\/\" target=\"_blank\" rel=\"noreferrer noopener\">Devenir membre<\/a><\/div>\n<\/div>\n\n\n\n<p><\/p>\n<\/div><\/details><\/div>\n\n\n\n<div class=\"wp-block-coblocks-accordion-item\"><details><summary class=\"wp-block-coblocks-accordion-item__title\">Membres actuels ou ant\u00e9rieurs<\/summary><div class=\"wp-block-coblocks-accordion-item__content\">\n<p>Vous \u00eates membre du Coll\u00e8ge, mais n\u2019avez plus acc\u00e8s \u00e0 la plateforme en ligne? <a href=\"https:\/\/cfpc.my.site.com\/s\/login\/ForgotPassword?language=fr\" data-type=\"link\" data-id=\"https:\/\/cfpc.my.site.com\/s\/login\/ForgotPassword?language=fr\" target=\"_blank\" rel=\"noreferrer noopener\">Cliquez ici<\/a> pour obtenir un mot de passe.<\/p>\n\n\n\n<p>Vous avez d\u00e9j\u00e0 \u00e9t\u00e9 membre du Coll\u00e8ge et souhaitez r\u00e9tablir votre adh\u00e9sion? \u00c9tant donn\u00e9 que vous avez d\u00e9j\u00e0 un num\u00e9ro de membre, veuillez <a href=\"https:\/\/www.cfpc.ca\/ContactezNous\/\">communiquer directement avec le Coll\u00e8ge des m\u00e9decins de famille du Canada<\/a> pour r\u00e9activer votre dossier.<\/p>\n<\/div><\/details><\/div>\n\n\n\n<div class=\"wp-block-coblocks-accordion-item\"><details><summary class=\"wp-block-coblocks-accordion-item__title\">M\u00e9decins form\u00e9s \u00e0 l&rsquo;\u00e9tranger<\/summary><div class=\"wp-block-coblocks-accordion-item__content\">\n<p>Le conseil d\u2019administration du Coll\u00e8ge des m\u00e9decins de famille du Canada (CMFC) a attribu\u00e9 le statut de membre aux m\u00e9decins form\u00e9s \u00e0 l\u2019\u00e9tranger qui sont inscrits \u00e0 un programme d\u2019\u00e9valuation\/de formation d\u2019un minist\u00e8re provincial de la sant\u00e9 et\/ou universitaire menant \u00e0 l\u2019obtention d\u2019un permis d\u2019exercice.<\/p>\n\n\n\n<p>Pour devenir membres, ces m\u00e9decins doivent d\u00e9montrer qu\u2019ils sont inscrits dans un tel programme en fournissant i) une lettre de leur directrice ou directeur de programme, ii) la preuve d\u2019une carte de stage et iii) le paiement des frais d\u2019adh\u00e9sion.<\/p>\n\n\n\n<p>Pour de plus amples informations, veuillez <a href=\"http:\/\/www.cfpc.ca\/ContactezNous\/\">communiquer avec le Centre de services aux membres du CMFC<\/a>.<\/p>\n<\/div><\/details><\/div>\n<\/div>\n\n\n\n<div style=\"height:15px\" aria-hidden=\"true\" class=\"wp-block-spacer\"><\/div>\n\n\n\n<figure class=\"wp-block-embed aligncenter is-type-video is-provider-youtube wp-block-embed-youtube wp-embed-aspect-16-9 wp-has-aspect-ratio\"><div class=\"wp-block-embed__wrapper\">\n<iframe loading=\"lazy\" title=\"Dre Pascale Breault\" width=\"500\" height=\"281\" src=\"https:\/\/www.youtube.com\/embed\/uix7tPt3Vz8?feature=oembed\" frameborder=\"0\" allow=\"accelerometer; autoplay; clipboard-write; encrypted-media; gyroscope; picture-in-picture; web-share\" referrerpolicy=\"strict-origin-when-cross-origin\" allowfullscreen><\/iframe>\n<\/div><\/figure>\n\n\n\n<figure class=\"wp-block-embed alignright is-type-video is-provider-youtube wp-block-embed-youtube wp-embed-aspect-16-9 wp-has-aspect-ratio\"><div class=\"wp-block-embed__wrapper\">\n<iframe loading=\"lazy\" title=\"Dr Samuel Blain\" width=\"500\" height=\"281\" src=\"https:\/\/www.youtube.com\/embed\/g55Tl2BfBNA?feature=oembed\" frameborder=\"0\" allow=\"accelerometer; autoplay; clipboard-write; encrypted-media; gyroscope; picture-in-picture; web-share\" referrerpolicy=\"strict-origin-when-cross-origin\" allowfullscreen><\/iframe>\n<\/div><\/figure>\n\n\n\n<h3 class=\"wp-block-heading has-text-align-center\"><strong>Pourquoi \u00eatre membre?<\/strong><\/h3>\n\n\n\n<p class=\"has-text-align-center mb-0 pb-0\"><em>\u00ab&nbsp;Je suis fi\u00e8re d\u2019\u00eatre m\u00e9decin de famille et je veux soutenir ma discipline&nbsp;\u00bb <\/em><\/p>\n\n\n\n<p class=\"has-text-align-center has-custom-weight\" style=\"font-weight:bold;font-size:13px\">Sophie Galarneau, M.D., CCMF, FCMF<\/p>\n\n\n\n<p class=\"has-text-align-center mb-0 pb-0\"><em>\u00ab&nbsp;J\u2019y suis entour\u00e9 de gens passionn\u00e9s comme moi&nbsp;\u00bb <\/em><\/p>\n\n\n\n<p class=\"has-text-align-center has-custom-weight\" style=\"font-weight:bold;font-size:13px\">Ren\u00e9 Wittmer, M.D., CCMF<\/p>\n\n\n\n<p class=\"has-text-align-center mb-0 pb-0\"><em>\u00ab Le CQMF fait avancer la m\u00e9decine de famille \u00bb <\/em><\/p>\n\n\n\n<p class=\"has-text-align-center has-custom-weight\" style=\"font-weight:bold;font-size:13px\">Genevi\u00e8ve Bois, M.D., CCMF<\/p>\n\n\n\n<p class=\"has-text-align-center mb-0 pb-0\"><em>\u00ab&nbsp;C&rsquo;est la d\u00e9signation CCMF qui est au niveau acad\u00e9mique&nbsp;la r\u00e9f\u00e9rence \u00ab\u00a0cr\u00e9dible et respect\u00e9e\u00a0\u00bb de la formation du m\u00e9decin de famille pr\u00e9sent et futur&nbsp;\u00bb <\/em><\/p>\n\n\n\n<p class=\"has-text-align-center has-custom-weight\" style=\"font-weight:bold;font-size:13px\">R\u00e9jean M\u00e9nard, M.D., CCMF, FCMF<\/p>\n\n\n\n<figure class=\"wp-block-embed alignleft is-type-video is-provider-youtube wp-block-embed-youtube wp-embed-aspect-16-9 wp-has-aspect-ratio\"><div class=\"wp-block-embed__wrapper\">\n<iframe loading=\"lazy\" title=\"Dr Antoine Boivin\" width=\"500\" height=\"281\" src=\"https:\/\/www.youtube.com\/embed\/BoyMUEngPj8?feature=oembed\" frameborder=\"0\" allow=\"accelerometer; autoplay; clipboard-write; encrypted-media; gyroscope; picture-in-picture; web-share\" referrerpolicy=\"strict-origin-when-cross-origin\" allowfullscreen><\/iframe>\n<\/div><\/figure>\n","protected":false},"excerpt":{"rendered":"<p>Nous sommes des m\u00e9decins de famille engag\u00e9s dans une d\u00e9marche innovante pour des soins de premi\u00e8re ligne de qualit\u00e9 et accessibles \u00e0 nos communaut\u00e9s. \u00catre membre du Coll\u00e8ge des m\u00e9decins de famille du Canada (CMFC), c&rsquo;est devenir membre du Coll\u00e8ge [&hellip;]<\/p>\n","protected":false},"author":1,"featured_media":0,"parent":22,"menu_order":0,"comment_status":"closed","ping_status":"closed","template":"","meta":{"_acf_changed":false,"_coblocks_attr":"","_coblocks_dimensions":"","_coblocks_responsive_height":"","_coblocks_accordion_ie_support":"","footnotes":""},"class_list":["post-652","page","type-page","status-publish","hentry"],"acf":[],"_links":{"self":[{"href":"https:\/\/cqmfdev.cright.org\/index.php?rest_route=\/wp\/v2\/pages\/652","targetHints":{"allow":["GET"]}}],"collection":[{"href":"https:\/\/cqmfdev.cright.org\/index.php?rest_route=\/wp\/v2\/pages"}],"about":[{"href":"https:\/\/cqmfdev.cright.org\/index.php?rest_route=\/wp\/v2\/types\/page"}],"author":[{"embeddable":true,"href":"https:\/\/cqmfdev.cright.org\/index.php?rest_route=\/wp\/v2\/users\/1"}],"replies":[{"embeddable":true,"href":"https:\/\/cqmfdev.cright.org\/index.php?rest_route=%2Fwp%2Fv2%2Fcomments&post=652"}],"version-history":[{"count":85,"href":"https:\/\/cqmfdev.cright.org\/index.php?rest_route=\/wp\/v2\/pages\/652\/revisions"}],"predecessor-version":[{"id":8167,"href":"https:\/\/cqmfdev.cright.org\/index.php?rest_route=\/wp\/v2\/pages\/652\/revisions\/8167"}],"up":[{"embeddable":true,"href":"https:\/\/cqmfdev.cright.org\/index.php?rest_route=\/wp\/v2\/pages\/22"}],"wp:attachment":[{"href":"https:\/\/cqmfdev.cright.org\/index.php?rest_route=%2Fwp%2Fv2%2Fmedia&parent=652"}],"curies":[{"name":"wp","href":"https:\/\/api.w.org\/{rel}","templated":true}]}}